{"id":1685,"date":"2025-09-10T12:06:14","date_gmt":"2025-09-10T12:06:14","guid":{"rendered":"https:\/\/hostingyou.com.ar\/?page_id=1685"},"modified":"2025-09-16T13:56:37","modified_gmt":"2025-09-16T13:56:37","slug":"casas-para-veranear","status":"publish","type":"page","link":"https:\/\/hostingyou.com.ar\/br\/casas-para-veranear\/","title":{"rendered":"Encontra casas para veranear &#8211; HostingYou"},"content":{"rendered":"<div data-elementor-type=\"wp-page\" data-elementor-id=\"1685\" class=\"elementor elementor-1685\" data-elementor-post-type=\"page\">\n\t\t\t\t<div class=\"elementor-element elementor-element-6cb0cec e-con-full e-flex e-con e-parent\" data-id=\"6cb0cec\" data-element_type=\"container\" data-e-type=\"container\" data-settings=\"{&quot;background_background&quot;:&quot;classic&quot;}\">\n\t\t\t\t<\/div>\n\t\t<div class=\"elementor-element elementor-element-4434863 e-flex e-con-boxed e-con e-parent\" data-id=\"4434863\" data-element_type=\"container\" data-e-type=\"container\">\n\t\t\t\t\t<div class=\"e-con-inner\">\n\t\t\t\t<div class=\"elementor-element elementor-element-004959d elementor-widget elementor-widget-heading\" data-id=\"004959d\" data-element_type=\"widget\" data-e-type=\"widget\" data-widget_type=\"heading.default\">\n\t\t\t\t<div class=\"elementor-widget-container\">\n\t\t\t\t\t<h2 class=\"elementor-heading-title elementor-size-default\">Casas para veranear<\/h2>\t\t\t\t<\/div>\n\t\t\t\t<\/div>\n\t\t\t\t<div class=\"elementor-element elementor-element-d6e0ead elementor-widget elementor-widget-text-editor\" data-id=\"d6e0ead\" data-element_type=\"widget\" data-e-type=\"widget\" data-widget_type=\"text-editor.default\">\n\t\t\t\t<div class=\"elementor-widget-container\">\n\t\t\t\t\t\t\t\t\t<p><b>Veranear en casas: comodidad y momentos \u00fanicos<\/b><\/p><p><span style=\"font-weight: 400;\">Si amas viajar en familia, con varias familias amigas o en grupo, las <\/span><b>casas vacacionales<\/b><span style=\"font-weight: 400;\"> son la mejor forma de vivir las vacaciones como en tu propio hogar, pero en un destino paradis\u00edaco.<\/span><\/p>\t\t\t\t\t\t\t\t<\/div>\n\t\t\t\t<\/div>\n\t\t\t\t<div class=\"elementor-element elementor-element-b867b8a elementor-widget elementor-widget-image\" data-id=\"b867b8a\" data-element_type=\"widget\" data-e-type=\"widget\" data-widget_type=\"image.default\">\n\t\t\t\t<div class=\"elementor-widget-container\">\n\t\t\t\t\t\t\t\t\t\t\t\t\t\t\t<img fetchpriority=\"high\" decoding=\"async\" width=\"2560\" height=\"1708\" src=\"https:\/\/hostingyou.com.ar\/wp-content\/uploads\/2025\/09\/1DJI_20210612_123319_978-scaled.jpg\" class=\"attachment-full size-full wp-image-1708\" alt=\"\" srcset=\"https:\/\/hostingyou.com.ar\/wp-content\/uploads\/2025\/09\/1DJI_20210612_123319_978-scaled.jpg 2560w, https:\/\/hostingyou.com.ar\/wp-content\/uploads\/2025\/09\/1DJI_20210612_123319_978-300x200.jpg 300w, https:\/\/hostingyou.com.ar\/wp-content\/uploads\/2025\/09\/1DJI_20210612_123319_978-1024x683.jpg 1024w, https:\/\/hostingyou.com.ar\/wp-content\/uploads\/2025\/09\/1DJI_20210612_123319_978-768x512.jpg 768w, https:\/\/hostingyou.com.ar\/wp-content\/uploads\/2025\/09\/1DJI_20210612_123319_978-1536x1025.jpg 1536w, https:\/\/hostingyou.com.ar\/wp-content\/uploads\/2025\/09\/1DJI_20210612_123319_978-2048x1366.jpg 2048w, https:\/\/hostingyou.com.ar\/wp-content\/uploads\/2025\/09\/1DJI_20210612_123319_978-600x400.jpg 600w\" sizes=\"(max-width: 2560px) 100vw, 2560px\" \/>\t\t\t\t\t\t\t\t\t\t\t\t\t\t\t<\/div>\n\t\t\t\t<\/div>\n\t\t\t\t<div class=\"elementor-element elementor-element-38fd02e elementor-widget elementor-widget-text-editor\" data-id=\"38fd02e\" data-element_type=\"widget\" data-e-type=\"widget\" data-widget_type=\"text-editor.default\">\n\t\t\t\t<div class=\"elementor-widget-container\">\n\t\t\t\t\t\t\t\t\t<p><span style=\"font-weight: 400;\">Imagin\u00e1 despertarte y compartir los inevitables <\/span><b>matecitos de la ma\u00f1ana<\/b><span style=\"font-weight: 400;\">, organizar un <\/span><b>asadito con vino bajo las estrellas<\/b><span style=\"font-weight: 400;\">, disfrutar de un amplio <\/span><b>jard\u00edn con piscina privada<\/b><span style=\"font-weight: 400;\">, y tener la libertad de elegir tus propios horarios. Todo esto con la posibilidad de sumar servicio de cocina y limpieza, para que la comodidad sea total.<\/span><\/p><p><span style=\"font-weight: 400;\">Hospedarte en una casa te da la <\/span><b>privacidad y flexibilidad<\/b><span style=\"font-weight: 400;\"> que busc\u00e1s, con el mismo confort que ofrecen los hoteles. Es la combinaci\u00f3n ideal para quienes quieren sentirse libres, pero sin resignar confort.<\/span><\/p><p><span style=\"font-weight: 400;\">En <\/span><b>HostingYou<\/b><span style=\"font-weight: 400;\"> te ofrecemos una selecci\u00f3n cuidada de <\/span><b>casas en Macei\u00f3, S\u00e3o Miguel dos Milagres<\/b><span style=\"font-weight: 400;\">,Barra do Sao Miguel, y otros destinos, pensadas para familias y grupos que desean vivir la experiencia completa: m\u00e1s espacio, m\u00e1s momentos compartidos y una inmersi\u00f3n real en el destino.<\/span><\/p><p><b>Tips pr\u00e1cticos para los viajeros<\/b><\/p><ul><li style=\"font-weight: 400;\" aria-level=\"1\"><span style=\"font-weight: 400;\">Revisar ubicaci\u00f3n y accesibilidad<\/span><span style=\"font-weight: 400;\"><br \/><br \/><\/span><\/li><li style=\"font-weight: 400;\" aria-level=\"1\"><span style=\"font-weight: 400;\">Consultar servicios incluidos (ropa de cama, limpieza, wifi, aire acondicionado).<\/span><span style=\"font-weight: 400;\"><br \/><br \/><\/span><\/li><li style=\"font-weight: 400;\" aria-level=\"1\"><span style=\"font-weight: 400;\">Reservar con anticipaci\u00f3n te ayuda a encontrar lo que deseas!<\/span><\/li><\/ul>\t\t\t\t\t\t\t\t<\/div>\n\t\t\t\t<\/div>\n\t\t\t\t<div class=\"elementor-element elementor-element-a200cf4 elementor-widget elementor-widget-image\" data-id=\"a200cf4\" data-element_type=\"widget\" data-e-type=\"widget\" data-widget_type=\"image.default\">\n\t\t\t\t<div class=\"elementor-widget-container\">\n\t\t\t\t\t\t\t\t\t\t\t\t\t\t\t<img decoding=\"async\" width=\"2560\" height=\"1707\" src=\"https:\/\/hostingyou.com.ar\/wp-content\/uploads\/2025\/09\/MG_9304-scaled.jpg\" class=\"attachment-full size-full wp-image-1709\" alt=\"\" srcset=\"https:\/\/hostingyou.com.ar\/wp-content\/uploads\/2025\/09\/MG_9304-scaled.jpg 2560w, https:\/\/hostingyou.com.ar\/wp-content\/uploads\/2025\/09\/MG_9304-300x200.jpg 300w, https:\/\/hostingyou.com.ar\/wp-content\/uploads\/2025\/09\/MG_9304-1024x683.jpg 1024w, https:\/\/hostingyou.com.ar\/wp-content\/uploads\/2025\/09\/MG_9304-768x512.jpg 768w, https:\/\/hostingyou.com.ar\/wp-content\/uploads\/2025\/09\/MG_9304-1536x1024.jpg 1536w, https:\/\/hostingyou.com.ar\/wp-content\/uploads\/2025\/09\/MG_9304-2048x1365.jpg 2048w, https:\/\/hostingyou.com.ar\/wp-content\/uploads\/2025\/09\/MG_9304-600x400.jpg 600w\" sizes=\"(max-width: 2560px) 100vw, 2560px\" \/>\t\t\t\t\t\t\t\t\t\t\t\t\t\t\t<\/div>\n\t\t\t\t<\/div>\n\t\t\t\t<div class=\"elementor-element elementor-element-480ca28 elementor-widget elementor-widget-text-editor\" data-id=\"480ca28\" data-element_type=\"widget\" data-e-type=\"widget\" data-widget_type=\"text-editor.default\">\n\t\t\t\t<div class=\"elementor-widget-container\">\n\t\t\t\t\t\t\t\t\t<p><b>Experiencias \u00fanicas al hospedarse en casas en Alagoas<\/b><\/p><ul><li style=\"font-weight: 400;\" aria-level=\"1\"><span style=\"font-weight: 400;\">Casas frente al mar, o solo unos metros<\/span><p>\u00a0<\/p><\/li><li style=\"font-weight: 400;\" aria-level=\"1\"><span style=\"font-weight: 400;\">Amanecer en una terraza privada o preparar un asado en familia.<\/span><p>\u00a0<\/p><\/li><li style=\"font-weight: 400;\" aria-level=\"1\"><span style=\"font-weight: 400;\">Conexi\u00f3n con la naturaleza (caminata directa a la playa, snorkel, piscinas naturales).<\/span><\/li><li style=\"font-weight: 400;\" aria-level=\"1\"><span style=\"font-weight: 400;\">Privacidad<\/span><\/li><\/ul><p>\u00a0<\/p><p><span style=\"font-weight: 400;\">\ud83d\udc49 <\/span><b>Animate a descubrir la comodidad de veranear en casas con HostingYou y viv\u00ed tus vacaciones a tu manera.<\/b><\/p>\t\t\t\t\t\t\t\t<\/div>\n\t\t\t\t<\/div>\n\t\t\t\t\t<\/div>\n\t\t\t\t<\/div>\n\t\t\t\t<\/div>","protected":false},"excerpt":{"rendered":"<p>Casas para veranear Veranear en casas: comodidad y momentos \u00fanicos Si amas viajar en familia, con varias familias amigas o&hellip;<\/p>","protected":false},"author":2,"featured_media":0,"parent":0,"menu_order":0,"comment_status":"closed","ping_status":"closed","template":"elementor_header_footer","meta":{"_acf_changed":false,"site-sidebar-layout":"no-sidebar","site-content-layout":"","ast-site-content-layout":"full-width-container","site-content-style":"default","site-sidebar-style":"default","ast-global-header-display":"","ast-banner-title-visibility":"","ast-main-header-display":"","ast-hfb-above-header-display":"","ast-hfb-below-header-display":"","ast-hfb-mobile-header-display":"","site-post-title":"","ast-breadcrumbs-content":"","ast-featured-img":"disabled","footer-sml-layout":"","ast-disable-related-posts":"","theme-transparent-header-meta":"","adv-header-id-meta":"","stick-header-meta":"","header-above-stick-meta":"","header-main-stick-meta":"","header-below-stick-meta":"","astra-migrate-meta-layouts":"default","ast-page-background-enabled":"default","ast-page-background-meta":{"desktop":{"background-color":"var(--ast-global-color-5)","background-image":"","background-repeat":"repeat","background-position":"center center","background-size":"auto","background-attachment":"scroll","background-type":"","background-media":"","overlay-type":"","overlay-color":"","overlay-opacity":"","overlay-gradient":""},"tablet":{"background-color":"","background-image":"","background-repeat":"repeat","background-position":"center center","background-size":"auto","background-attachment":"scroll","background-type":"","background-media":"","overlay-type":"","overlay-color":"","overlay-opacity":"","overlay-gradient":""},"mobile":{"background-color":"","background-image":"","background-repeat":"repeat","background-position":"center center","background-size":"auto","background-attachment":"scroll","background-type":"","background-media":"","overlay-type":"","overlay-color":"","overlay-opacity":"","overlay-gradient":""}},"ast-content-background-meta":{"desktop":{"background-color":"var(--ast-global-color-4)","background-image":"","background-repeat":"repeat","background-position":"center center","background-size":"auto","background-attachment":"scroll","background-type":"","background-media":"","overlay-type":"","overlay-color":"","overlay-opacity":"","overlay-gradient":""},"tablet":{"background-color":"var(--ast-global-color-4)","background-image":"","background-repeat":"repeat","background-position":"center center","background-size":"auto","background-attachment":"scroll","background-type":"","background-media":"","overlay-type":"","overlay-color":"","overlay-opacity":"","overlay-gradient":""},"mobile":{"background-color":"var(--ast-global-color-4)","background-image":"","background-repeat":"repeat","background-position":"center center","background-size":"auto","background-attachment":"scroll","background-type":"","background-media":"","overlay-type":"","overlay-color":"","overlay-opacity":"","overlay-gradient":""}},"footnotes":""},"class_list":["post-1685","page","type-page","status-publish","hentry"],"acf":[],"aioseo_notices":[],"_links":{"self":[{"href":"https:\/\/hostingyou.com.ar\/br\/wp-json\/wp\/v2\/pages\/1685","targetHints":{"allow":["GET"]}}],"collection":[{"href":"https:\/\/hostingyou.com.ar\/br\/wp-json\/wp\/v2\/pages"}],"about":[{"href":"https:\/\/hostingyou.com.ar\/br\/wp-json\/wp\/v2\/types\/page"}],"author":[{"embeddable":true,"href":"https:\/\/hostingyou.com.ar\/br\/wp-json\/wp\/v2\/users\/2"}],"replies":[{"embeddable":true,"href":"https:\/\/hostingyou.com.ar\/br\/wp-json\/wp\/v2\/comments?post=1685"}],"version-history":[{"count":13,"href":"https:\/\/hostingyou.com.ar\/br\/wp-json\/wp\/v2\/pages\/1685\/revisions"}],"predecessor-version":[{"id":1791,"href":"https:\/\/hostingyou.com.ar\/br\/wp-json\/wp\/v2\/pages\/1685\/revisions\/1791"}],"wp:attachment":[{"href":"https:\/\/hostingyou.com.ar\/br\/wp-json\/wp\/v2\/media?parent=1685"}],"curies":[{"name":"wp","href":"https:\/\/api.w.org\/{rel}","templated":true}]}}