{"id":261,"date":"2025-07-28T21:51:08","date_gmt":"2025-07-28T21:51:08","guid":{"rendered":"https:\/\/hostingyou.com.ar\/?page_id=261"},"modified":"2025-09-16T14:41:21","modified_gmt":"2025-09-16T14:41:21","slug":"luck","status":"publish","type":"page","link":"https:\/\/hostingyou.com.ar\/br\/luck\/","title":{"rendered":"Alianza con Luck para turismo &#8211; HostingYou"},"content":{"rendered":"<div data-elementor-type=\"wp-page\" data-elementor-id=\"261\" class=\"elementor elementor-261\" data-elementor-post-type=\"page\">\n\t\t\t\t<div class=\"elementor-element elementor-element-cd30abf e-flex e-con-boxed e-con e-parent\" data-id=\"cd30abf\" data-element_type=\"container\" data-e-type=\"container\">\n\t\t\t\t\t<div class=\"e-con-inner\">\n\t\t\t\t<div class=\"elementor-element elementor-element-1e8c743 elementor-widget elementor-widget-heading\" data-id=\"1e8c743\" data-element_type=\"widget\" data-e-type=\"widget\" data-widget_type=\"heading.default\">\n\t\t\t\t<div class=\"elementor-widget-container\">\n\t\t\t\t\t<h2 class=\"elementor-heading-title elementor-size-default\">Alianza con Luck<\/h2>\t\t\t\t<\/div>\n\t\t\t\t<\/div>\n\t\t\t\t<div class=\"elementor-element elementor-element-1bc65e5 elementor-widget elementor-widget-text-editor\" data-id=\"1bc65e5\" data-element_type=\"widget\" data-e-type=\"widget\" data-widget_type=\"text-editor.default\">\n\t\t\t\t<div class=\"elementor-widget-container\">\n\t\t\t\t\t\t\t\t\t<p><span style=\"font-weight: 400;\">Nuestra alianza con Luck, especialista en turismo receptivo, te brinda adem\u00e1s de tarifas preferenciales la posibilidad de un asesoramiento especializado.<\/span><\/p><p><span style=\"font-weight: 400;\"><br \/><\/span><span style=\"font-weight: 400;\">Te ayudamos a planificar tu viaje, con antelaci\u00f3n, evaluando las actividades m\u00e1s convenientes en funci\u00f3n de tus gustos y necesidades. <\/span><\/p><p><span style=\"font-weight: 400;\">Tambi\u00e9n contemplamos el factor clima y mareas para optimizar tu experiencia en destino.<\/span><\/p><p><span style=\"font-weight: 400;\">Consultanos en <\/span><a href=\"mailto:reservas@hostingyou.com.ar\"><span style=\"font-weight: 400;\">reservas@hostingyou.com.ar<\/span><\/a><span style=\"font-weight: 400;\">\u00a0<\/span><span style=\"font-weight: 400;\"><br \/><\/span><\/p>\t\t\t\t\t\t\t\t<\/div>\n\t\t\t\t<\/div>\n\t\t\t\t\t<\/div>\n\t\t\t\t<\/div>\n\t\t<div class=\"elementor-element elementor-element-de2dad2 e-con-full e-flex e-con e-parent\" data-id=\"de2dad2\" data-element_type=\"container\" data-e-type=\"container\">\n\t\t<div class=\"elementor-element elementor-element-c94a41d e-con-full e-flex e-con e-child\" data-id=\"c94a41d\" data-element_type=\"container\" data-e-type=\"container\" data-settings=\"{&quot;background_background&quot;:&quot;classic&quot;}\">\n\t\t\t\t<div class=\"elementor-element elementor-element-b8b84ba elementor-widget elementor-widget-heading\" data-id=\"b8b84ba\" data-element_type=\"widget\" data-e-type=\"widget\" data-widget_type=\"heading.default\">\n\t\t\t\t<div class=\"elementor-widget-container\">\n\t\t\t\t\t<h2 class=\"elementor-heading-title elementor-size-default\">TRASLADOS<\/h2>\t\t\t\t<\/div>\n\t\t\t\t<\/div>\n\t\t\t\t<\/div>\n\t\t\t\t<\/div>\n\t\t<div class=\"elementor-element elementor-element-c9b8ba1 e-con-full e-flex e-con e-parent\" data-id=\"c9b8ba1\" data-element_type=\"container\" data-e-type=\"container\">\n\t\t<div class=\"elementor-element elementor-element-fd69bc2 e-con-full e-flex elementor-invisible e-con e-child\" data-id=\"fd69bc2\" data-element_type=\"container\" data-e-type=\"container\" data-settings=\"{&quot;animation&quot;:&quot;fadeInLeft&quot;}\">\n\t\t\t\t<div class=\"elementor-element elementor-element-ca9ba22 elementor-widget elementor-widget-text-editor\" data-id=\"ca9ba22\" data-element_type=\"widget\" data-e-type=\"widget\" data-widget_type=\"text-editor.default\">\n\t\t\t\t<div class=\"elementor-widget-container\">\n\t\t\t\t\t\t\t\t\t<p><span style=\"font-weight: 400;\">Nuestra alianza con Luck, especialista en turismo receptivo, te brinda adem\u00e1s de tarifas preferenciales la posibilidad de un asesoramiento especializado, y a medida.<\/span><\/p><p><span style=\"font-weight: 400;\">Comenz\u00e1\u00a0 tus vacaciones ni bien subas al avi\u00f3n, y olv\u00eddate de todo al llegar a destino.\u00a0<\/span><\/p><p><span style=\"font-weight: 400;\">Nada mas lindo, luego de un viaje, que ver tu nombre en un cartel que te espera para llevarte! Relax qu\u00e9 las vacaciones merecen! <\/span><span style=\"font-weight: 400;\"><br \/><br \/><\/span><\/p><p><span style=\"font-weight: 400;\">Consultanos en <\/span><a href=\"mailto:reservas@hostingyou.com.ar\"><span style=\"font-weight: 400;\">reservas@hostingyou.com.ar<\/span><\/a> <\/p>\t\t\t\t\t\t\t\t<\/div>\n\t\t\t\t<\/div>\n\t\t\t\t<\/div>\n\t\t<div class=\"elementor-element elementor-element-2bf29f4 e-con-full e-flex elementor-invisible e-con e-child\" data-id=\"2bf29f4\" data-element_type=\"container\" data-e-type=\"container\" data-settings=\"{&quot;animation&quot;:&quot;fadeInRight&quot;}\">\n\t\t\t\t<div class=\"elementor-element elementor-element-9cf782e elementor-widget elementor-widget-image\" data-id=\"9cf782e\" data-element_type=\"widget\" data-e-type=\"widget\" data-widget_type=\"image.default\">\n\t\t\t\t<div class=\"elementor-widget-container\">\n\t\t\t\t\t\t\t\t\t\t\t\t\t\t\t<img fetchpriority=\"high\" decoding=\"async\" width=\"2560\" height=\"1693\" src=\"https:\/\/hostingyou.com.ar\/wp-content\/uploads\/2025\/07\/transporte-scaled.jpg\" class=\"attachment-full size-full wp-image-291\" alt=\"\" srcset=\"https:\/\/hostingyou.com.ar\/wp-content\/uploads\/2025\/07\/transporte-scaled.jpg 2560w, https:\/\/hostingyou.com.ar\/wp-content\/uploads\/2025\/07\/transporte-300x198.jpg 300w, https:\/\/hostingyou.com.ar\/wp-content\/uploads\/2025\/07\/transporte-1024x677.jpg 1024w, https:\/\/hostingyou.com.ar\/wp-content\/uploads\/2025\/07\/transporte-768x508.jpg 768w, https:\/\/hostingyou.com.ar\/wp-content\/uploads\/2025\/07\/transporte-1536x1016.jpg 1536w, https:\/\/hostingyou.com.ar\/wp-content\/uploads\/2025\/07\/transporte-2048x1355.jpg 2048w, https:\/\/hostingyou.com.ar\/wp-content\/uploads\/2025\/07\/transporte-600x397.jpg 600w\" sizes=\"(max-width: 2560px) 100vw, 2560px\" \/>\t\t\t\t\t\t\t\t\t\t\t\t\t\t\t<\/div>\n\t\t\t\t<\/div>\n\t\t\t\t<div class=\"elementor-element elementor-element-95365cc elementor-align-right elementor-mobile-align-right elementor-widget elementor-widget-button\" data-id=\"95365cc\" data-element_type=\"widget\" data-e-type=\"widget\" data-widget_type=\"button.default\">\n\t\t\t\t<div class=\"elementor-widget-container\">\n\t\t\t\t\t\t\t\t\t<div class=\"elementor-button-wrapper\">\n\t\t\t\t\t<a class=\"elementor-button elementor-button-link elementor-size-sm elementor-animation-grow\" href=\"#\">\n\t\t\t\t\t\t<span class=\"elementor-button-content-wrapper\">\n\t\t\t\t\t\t\t\t\t<span class=\"elementor-button-text\">VER TRASLADOS<\/span>\n\t\t\t\t\t<\/span>\n\t\t\t\t\t<\/a>\n\t\t\t\t<\/div>\n\t\t\t\t\t\t\t\t<\/div>\n\t\t\t\t<\/div>\n\t\t\t\t<\/div>\n\t\t\t\t<\/div>\n\t\t<div class=\"elementor-element elementor-element-7ec8206 e-con-full e-flex e-con e-parent\" data-id=\"7ec8206\" data-element_type=\"container\" data-e-type=\"container\" data-settings=\"{&quot;background_background&quot;:&quot;classic&quot;}\">\n\t\t<div class=\"elementor-element elementor-element-718ba5a e-con-full e-flex e-con e-child\" data-id=\"718ba5a\" data-element_type=\"container\" data-e-type=\"container\">\n\t\t\t\t<div class=\"elementor-element elementor-element-41e00a9 elementor-widget elementor-widget-heading\" data-id=\"41e00a9\" data-element_type=\"widget\" data-e-type=\"widget\" data-widget_type=\"heading.default\">\n\t\t\t\t<div class=\"elementor-widget-container\">\n\t\t\t\t\t<h2 class=\"elementor-heading-title elementor-size-default\">PASSEIOS<\/h2>\t\t\t\t<\/div>\n\t\t\t\t<\/div>\n\t\t\t\t<\/div>\n\t\t\t\t<\/div>\n\t\t<div class=\"elementor-element elementor-element-eef9a15 e-con-full e-flex e-con e-parent\" data-id=\"eef9a15\" data-element_type=\"container\" data-e-type=\"container\">\n\t\t<div class=\"elementor-element elementor-element-1ece5d5 e-con-full e-flex elementor-invisible e-con e-child\" data-id=\"1ece5d5\" data-element_type=\"container\" data-e-type=\"container\" data-settings=\"{&quot;animation&quot;:&quot;fadeInLeft&quot;}\">\n\t\t\t\t<div class=\"elementor-element elementor-element-7fd898b elementor-widget elementor-widget-image\" data-id=\"7fd898b\" data-element_type=\"widget\" data-e-type=\"widget\" data-widget_type=\"image.default\">\n\t\t\t\t<div class=\"elementor-widget-container\">\n\t\t\t\t\t\t\t\t\t\t\t\t\t\t\t<img decoding=\"async\" width=\"2560\" height=\"1707\" src=\"https:\/\/hostingyou.com.ar\/wp-content\/uploads\/2025\/07\/activadad-agua-scaled.jpg\" class=\"attachment-full size-full wp-image-287\" alt=\"\" srcset=\"https:\/\/hostingyou.com.ar\/wp-content\/uploads\/2025\/07\/activadad-agua-scaled.jpg 2560w, https:\/\/hostingyou.com.ar\/wp-content\/uploads\/2025\/07\/activadad-agua-300x200.jpg 300w, https:\/\/hostingyou.com.ar\/wp-content\/uploads\/2025\/07\/activadad-agua-1024x683.jpg 1024w, https:\/\/hostingyou.com.ar\/wp-content\/uploads\/2025\/07\/activadad-agua-768x512.jpg 768w, https:\/\/hostingyou.com.ar\/wp-content\/uploads\/2025\/07\/activadad-agua-1536x1024.jpg 1536w, https:\/\/hostingyou.com.ar\/wp-content\/uploads\/2025\/07\/activadad-agua-2048x1366.jpg 2048w, https:\/\/hostingyou.com.ar\/wp-content\/uploads\/2025\/07\/activadad-agua-600x400.jpg 600w\" sizes=\"(max-width: 2560px) 100vw, 2560px\" \/>\t\t\t\t\t\t\t\t\t\t\t\t\t\t\t<\/div>\n\t\t\t\t<\/div>\n\t\t\t\t<div class=\"elementor-element elementor-element-d9dae9d elementor-align-left elementor-widget elementor-widget-button\" data-id=\"d9dae9d\" data-element_type=\"widget\" data-e-type=\"widget\" data-widget_type=\"button.default\">\n\t\t\t\t<div class=\"elementor-widget-container\">\n\t\t\t\t\t\t\t\t\t<div class=\"elementor-button-wrapper\">\n\t\t\t\t\t<a class=\"elementor-button elementor-button-link elementor-size-sm elementor-animation-grow\" href=\"#\">\n\t\t\t\t\t\t<span class=\"elementor-button-content-wrapper\">\n\t\t\t\t\t\t\t\t\t<span class=\"elementor-button-text\">VER ACTIVIDADES<\/span>\n\t\t\t\t\t<\/span>\n\t\t\t\t\t<\/a>\n\t\t\t\t<\/div>\n\t\t\t\t\t\t\t\t<\/div>\n\t\t\t\t<\/div>\n\t\t\t\t<\/div>\n\t\t<div class=\"elementor-element elementor-element-d9420c7 e-con-full e-flex elementor-invisible e-con e-child\" data-id=\"d9420c7\" data-element_type=\"container\" data-e-type=\"container\" data-settings=\"{&quot;animation&quot;:&quot;fadeInRight&quot;}\">\n\t\t\t\t<div class=\"elementor-element elementor-element-fb8d6c1 elementor-widget elementor-widget-text-editor\" data-id=\"fb8d6c1\" data-element_type=\"widget\" data-e-type=\"widget\" data-widget_type=\"text-editor.default\">\n\t\t\t\t<div class=\"elementor-widget-container\">\n\t\t\t\t\t\t\t\t\t<p><span style=\"font-weight: 400;\">Nuestra alianza con Luck, especialista en turismo receptivo, te brinda adem\u00e1s de tarifas preferenciales la posibilidad de un asesoramiento especializado.<\/span><\/p><p><span style=\"font-weight: 400;\"><br \/><\/span><span style=\"font-weight: 400;\">Te ayudamos a planificar tu viaje, con antelaci\u00f3n, evaluando las actividades m\u00e1s convenientes en funci\u00f3n de tus gustos y necesidades. <\/span><\/p><p><span style=\"font-weight: 400;\">Tambi\u00e9n contemplamos el factor clima y mareas para optimizar tu experiencia en destino.<\/span><\/p><p><span style=\"font-weight: 400;\">Consultanos en <\/span><a href=\"mailto:reservas@hostingyou.com.ar\"><span style=\"font-weight: 400;\">reservas@hostingyou.com.ar<\/span><\/a><\/p>\t\t\t\t\t\t\t\t<\/div>\n\t\t\t\t<\/div>\n\t\t\t\t<\/div>\n\t\t\t\t<\/div>\n\t\t\t\t<\/div>","protected":false},"excerpt":{"rendered":"<p>Alianza con Luck Nuestra alianza con Luck, especialista en turismo receptivo, te brinda adem\u00e1s de tarifas preferenciales la posibilidad de&hellip;<\/p>","protected":false},"author":2,"featured_media":0,"parent":0,"menu_order":0,"comment_status":"closed","ping_status":"closed","template":"elementor_header_footer","meta":{"_acf_changed":false,"site-sidebar-layout":"no-sidebar","site-content-layout":"","ast-site-content-layout":"full-width-container","site-content-style":"default","site-sidebar-style":"default","ast-global-header-display":"","ast-banner-title-visibility":"","ast-main-header-display":"","ast-hfb-above-header-display":"","ast-hfb-below-header-display":"","ast-hfb-mobile-header-display":"","site-post-title":"disabled","ast-breadcrumbs-content":"","ast-featured-img":"disabled","footer-sml-layout":"","ast-disable-related-posts":"","theme-transparent-header-meta":"","adv-header-id-meta":"","stick-header-meta":"","header-above-stick-meta":"","header-main-stick-meta":"","header-below-stick-meta":"","astra-migrate-meta-layouts":"default","ast-page-background-enabled":"default","ast-page-background-meta":{"desktop":{"background-color":"var(--ast-global-color-5)","background-image":"","background-repeat":"repeat","background-position":"center center","background-size":"auto","background-attachment":"scroll","background-type":"","background-media":"","overlay-type":"","overlay-color":"","overlay-opacity":"","overlay-gradient":""},"tablet":{"background-color":"","background-image":"","background-repeat":"repeat","background-position":"center center","background-size":"auto","background-attachment":"scroll","background-type":"","background-media":"","overlay-type":"","overlay-color":"","overlay-opacity":"","overlay-gradient":""},"mobile":{"background-color":"","background-image":"","background-repeat":"repeat","background-position":"center center","background-size":"auto","background-attachment":"scroll","background-type":"","background-media":"","overlay-type":"","overlay-color":"","overlay-opacity":"","overlay-gradient":""}},"ast-content-background-meta":{"desktop":{"background-color":"var(--ast-global-color-4)","background-image":"","background-repeat":"repeat","background-position":"center center","background-size":"auto","background-attachment":"scroll","background-type":"","background-media":"","overlay-type":"","overlay-color":"","overlay-opacity":"","overlay-gradient":""},"tablet":{"background-color":"var(--ast-global-color-4)","background-image":"","background-repeat":"repeat","background-position":"center center","background-size":"auto","background-attachment":"scroll","background-type":"","background-media":"","overlay-type":"","overlay-color":"","overlay-opacity":"","overlay-gradient":""},"mobile":{"background-color":"var(--ast-global-color-4)","background-image":"","background-repeat":"repeat","background-position":"center center","background-size":"auto","background-attachment":"scroll","background-type":"","background-media":"","overlay-type":"","overlay-color":"","overlay-opacity":"","overlay-gradient":""}},"footnotes":""},"class_list":["post-261","page","type-page","status-publish","hentry"],"acf":[],"aioseo_notices":[],"_links":{"self":[{"href":"https:\/\/hostingyou.com.ar\/br\/wp-json\/wp\/v2\/pages\/261","targetHints":{"allow":["GET"]}}],"collection":[{"href":"https:\/\/hostingyou.com.ar\/br\/wp-json\/wp\/v2\/pages"}],"about":[{"href":"https:\/\/hostingyou.com.ar\/br\/wp-json\/wp\/v2\/types\/page"}],"author":[{"embeddable":true,"href":"https:\/\/hostingyou.com.ar\/br\/wp-json\/wp\/v2\/users\/2"}],"replies":[{"embeddable":true,"href":"https:\/\/hostingyou.com.ar\/br\/wp-json\/wp\/v2\/comments?post=261"}],"version-history":[{"count":29,"href":"https:\/\/hostingyou.com.ar\/br\/wp-json\/wp\/v2\/pages\/261\/revisions"}],"predecessor-version":[{"id":1796,"href":"https:\/\/hostingyou.com.ar\/br\/wp-json\/wp\/v2\/pages\/261\/revisions\/1796"}],"wp:attachment":[{"href":"https:\/\/hostingyou.com.ar\/br\/wp-json\/wp\/v2\/media?parent=261"}],"curies":[{"name":"wp","href":"https:\/\/api.w.org\/{rel}","templated":true}]}}