{"id":3355,"date":"2026-03-11T07:18:16","date_gmt":"2026-03-11T10:18:16","guid":{"rendered":"https:\/\/hostingyou.com.ar\/?page_id=3355"},"modified":"2026-03-12T06:39:19","modified_gmt":"2026-03-12T09:39:19","slug":"galhinos","status":"publish","type":"page","link":"https:\/\/hostingyou.com.ar\/br\/galhinos\/","title":{"rendered":"Galhinos"},"content":{"rendered":"<div data-elementor-type=\"wp-page\" data-elementor-id=\"3355\" class=\"elementor elementor-3355\" data-elementor-post-type=\"page\">\n\t\t\t\t<div class=\"elementor-element elementor-element-3b0c499 e-con-full e-flex e-con e-parent\" data-id=\"3b0c499\" data-element_type=\"container\" data-e-type=\"container\">\n\t\t<div class=\"elementor-element elementor-element-2b09f2b e-con-full e-flex elementor-invisible e-con e-child\" data-id=\"2b09f2b\" data-element_type=\"container\" data-e-type=\"container\" data-settings=\"{&quot;background_background&quot;:&quot;classic&quot;,&quot;animation&quot;:&quot;slideInLeft&quot;}\">\n\t\t\t\t<\/div>\n\t\t<div class=\"elementor-element elementor-element-990f642 e-con-full e-flex elementor-invisible e-con e-child\" data-id=\"990f642\" data-element_type=\"container\" data-e-type=\"container\" data-settings=\"{&quot;animation&quot;:&quot;slideInRight&quot;}\">\n\t\t\t\t<div class=\"elementor-element elementor-element-0b92a07 elementor-widget elementor-widget-heading\" data-id=\"0b92a07\" data-element_type=\"widget\" data-e-type=\"widget\" data-widget_type=\"heading.default\">\n\t\t\t\t<div class=\"elementor-widget-container\">\n\t\t\t\t\t<h2 class=\"elementor-heading-title elementor-size-default\">Descubre Galhinos<\/h2>\t\t\t\t<\/div>\n\t\t\t\t<\/div>\n\t\t\t\t<div class=\"elementor-element elementor-element-147d937 elementor-widget elementor-widget-text-editor\" data-id=\"147d937\" data-element_type=\"widget\" data-e-type=\"widget\" data-widget_type=\"text-editor.default\">\n\t\t\t\t<div class=\"elementor-widget-container\">\n\t\t\t\t\t\t\t\t\t<p><span style=\"font-weight: 400;\">Galinhos, un id\u00edlico pueblo de pescadores situado en Rio Grande do Norte, una joya, escondida entre las dunas y el mar.\u00a0<\/span><\/p><p><span style=\"font-weight: 400;\">Este para\u00edso virgen ofrece un escape a un mundo de tranquilidad y belleza natural intacta. Con sus impresionantes playas, sus brillantes salinas y su emblem\u00e1tico faro ofrece un panorama 360, Galinhos es una c\u00e1psula del tiempo, donde la vida sigue un ritmo m\u00e1s lento y la naturaleza dicta las reglas.<\/span><\/p><p><span style=\"font-weight: 400;\">No es s\u00f3lo un destino de vacaciones; Es un santuario ecol\u00f3gico y un basti\u00f3n de la cultura nororiental. La comunidad local, con sus tradiciones pesqueras y salineras, vive en armon\u00eda con el medio ambiente, preservando las pr\u00e1cticas sostenibles que son el coraz\u00f3n del pueblo.\u00a0<\/span><\/p>\t\t\t\t\t\t\t\t<\/div>\n\t\t\t\t<\/div>\n\t\t\t\t<\/div>\n\t\t\t\t<\/div>\n\t\t<div class=\"elementor-element elementor-element-b22d479 e-flex e-con-boxed e-con e-parent\" data-id=\"b22d479\" data-element_type=\"container\" data-e-type=\"container\">\n\t\t\t\t\t<div class=\"e-con-inner\">\n\t\t<div class=\"elementor-element elementor-element-a57535a e-con-full e-flex e-con e-child\" data-id=\"a57535a\" data-element_type=\"container\" data-e-type=\"container\">\n\t\t\t\t<div class=\"elementor-element elementor-element-fba7bb5 elementor-widget elementor-widget-text-editor\" data-id=\"fba7bb5\" data-element_type=\"widget\" data-e-type=\"widget\" data-widget_type=\"text-editor.default\">\n\t\t\t\t<div class=\"elementor-widget-container\">\n\t\t\t\t\t\t\t\t\t<p><span style=\"font-weight: 400;\">El viaje a Galinhos es parte de la magia que rodea este ex\u00f3tico destino. Accesible principalmente en barco, una experiencia que cruza aguas tranquilas, preparando el esp\u00edritu para la calma que est\u00e1 por venir.<\/span><\/p><p><span style=\"font-weight: 400;\">Descubriendo Galinhos por mar<\/span><span style=\"font-weight: 400;\"><br \/><\/span><span style=\"font-weight: 400;\">Para aquellos que quieran vivir Galinhos desde una perspectiva diferente, los paseos en barco alrededor de la pen\u00ednsula son una excelente opci\u00f3n. Estos tours no s\u00f3lo ofrecen vistas espectaculares del pueblo y sus playas v\u00edrgenes, sino que tambi\u00e9n permiten observar la rica biodiversidad marina, incluidos los majestuosos caballitos de mar que habitan los manglares locales.<\/span><\/p>\t\t\t\t\t\t\t\t<\/div>\n\t\t\t\t<\/div>\n\t\t\t\t<\/div>\n\t\t<div class=\"elementor-element elementor-element-6d7b0bd e-con-full e-flex e-con e-child\" data-id=\"6d7b0bd\" data-element_type=\"container\" data-e-type=\"container\">\n\t\t\t\t<div class=\"elementor-element elementor-element-1279f4b elementor-invisible elementor-widget elementor-widget-image\" data-id=\"1279f4b\" data-element_type=\"widget\" data-e-type=\"widget\" data-settings=\"{&quot;_animation&quot;:&quot;fadeIn&quot;}\" data-widget_type=\"image.default\">\n\t\t\t\t<div class=\"elementor-widget-container\">\n\t\t\t\t\t\t\t\t\t\t\t\t\t\t\t<img fetchpriority=\"high\" decoding=\"async\" width=\"2000\" height=\"800\" src=\"https:\/\/hostingyou.com.ar\/wp-content\/uploads\/2026\/03\/RGDN-GALINHOS-REEMPLAZA-FOTO-2.jpg\" class=\"attachment-full size-full wp-image-3443\" alt=\"\" srcset=\"https:\/\/hostingyou.com.ar\/wp-content\/uploads\/2026\/03\/RGDN-GALINHOS-REEMPLAZA-FOTO-2.jpg 2000w, https:\/\/hostingyou.com.ar\/wp-content\/uploads\/2026\/03\/RGDN-GALINHOS-REEMPLAZA-FOTO-2-300x120.jpg 300w, https:\/\/hostingyou.com.ar\/wp-content\/uploads\/2026\/03\/RGDN-GALINHOS-REEMPLAZA-FOTO-2-1024x410.jpg 1024w, https:\/\/hostingyou.com.ar\/wp-content\/uploads\/2026\/03\/RGDN-GALINHOS-REEMPLAZA-FOTO-2-768x307.jpg 768w, https:\/\/hostingyou.com.ar\/wp-content\/uploads\/2026\/03\/RGDN-GALINHOS-REEMPLAZA-FOTO-2-1536x614.jpg 1536w, https:\/\/hostingyou.com.ar\/wp-content\/uploads\/2026\/03\/RGDN-GALINHOS-REEMPLAZA-FOTO-2-18x7.jpg 18w, https:\/\/hostingyou.com.ar\/wp-content\/uploads\/2026\/03\/RGDN-GALINHOS-REEMPLAZA-FOTO-2-600x240.jpg 600w\" sizes=\"(max-width: 2000px) 100vw, 2000px\" \/>\t\t\t\t\t\t\t\t\t\t\t\t\t\t\t<\/div>\n\t\t\t\t<\/div>\n\t\t\t\t<\/div>\n\t\t\t\t\t<\/div>\n\t\t\t\t<\/div>\n\t\t<div class=\"elementor-element elementor-element-fb03b08 e-flex e-con-boxed e-con e-parent\" data-id=\"fb03b08\" data-element_type=\"container\" data-e-type=\"container\" data-settings=\"{&quot;background_background&quot;:&quot;classic&quot;}\">\n\t\t\t\t\t<div class=\"e-con-inner\">\n\t\t\t\t<div class=\"elementor-element elementor-element-fc6f923 elementor-widget elementor-widget-text-editor\" data-id=\"fc6f923\" data-element_type=\"widget\" data-e-type=\"widget\" data-widget_type=\"text-editor.default\">\n\t\t\t\t<div class=\"elementor-widget-container\">\n\t\t\t\t\t\t\t\t\t<p><span style=\"font-weight: 400;\">A pesar de su creciente popularidad como destino tur\u00edstico, Galinhos ha logrado mantener intacta su esencia y belleza natural. Este delicado equilibrio entre desarrollo y conservaci\u00f3n es lo que hace de Galinhos un modelo de turismo responsable e inclusivo.<\/span><\/p>\t\t\t\t\t\t\t\t<\/div>\n\t\t\t\t<\/div>\n\t\t\t\t\t<\/div>\n\t\t\t\t<\/div>\n\t\t<div class=\"elementor-element elementor-element-c2a2a98 e-flex e-con-boxed e-con e-parent\" data-id=\"c2a2a98\" data-element_type=\"container\" data-e-type=\"container\">\n\t\t\t\t\t<div class=\"e-con-inner\">\n\t\t\t\t<div class=\"elementor-element elementor-element-bb69fda elementor-widget elementor-widget-heading\" data-id=\"bb69fda\" data-element_type=\"widget\" data-e-type=\"widget\" data-widget_type=\"heading.default\">\n\t\t\t\t<div class=\"elementor-widget-container\">\n\t\t\t\t\t<h2 class=\"elementor-heading-title elementor-size-default\">Actividades para todos los gustos<\/h2>\t\t\t\t<\/div>\n\t\t\t\t<\/div>\n\t\t\t\t\t<\/div>\n\t\t\t\t<\/div>\n\t\t<div class=\"elementor-element elementor-element-ee82285 e-flex e-con-boxed e-con e-parent\" data-id=\"ee82285\" data-element_type=\"container\" data-e-type=\"container\">\n\t\t\t\t\t<div class=\"e-con-inner\">\n\t\t<div class=\"elementor-element elementor-element-bb6a7a0 e-con-full e-flex e-con e-child\" data-id=\"bb6a7a0\" data-element_type=\"container\" data-e-type=\"container\">\n\t\t\t\t<div class=\"elementor-element elementor-element-d4227a1 elementor-invisible elementor-widget elementor-widget-image\" data-id=\"d4227a1\" data-element_type=\"widget\" data-e-type=\"widget\" data-settings=\"{&quot;_animation&quot;:&quot;fadeIn&quot;}\" data-widget_type=\"image.default\">\n\t\t\t\t<div class=\"elementor-widget-container\">\n\t\t\t\t\t\t\t\t\t\t\t\t\t\t\t<img decoding=\"async\" width=\"1106\" height=\"550\" src=\"https:\/\/hostingyou.com.ar\/wp-content\/uploads\/2026\/03\/Screenshot-2026-03-11-at-7.28.30-AM.png\" class=\"attachment-full size-full wp-image-3372\" alt=\"\" srcset=\"https:\/\/hostingyou.com.ar\/wp-content\/uploads\/2026\/03\/Screenshot-2026-03-11-at-7.28.30-AM.png 1106w, https:\/\/hostingyou.com.ar\/wp-content\/uploads\/2026\/03\/Screenshot-2026-03-11-at-7.28.30-AM-300x149.png 300w, https:\/\/hostingyou.com.ar\/wp-content\/uploads\/2026\/03\/Screenshot-2026-03-11-at-7.28.30-AM-1024x509.png 1024w, https:\/\/hostingyou.com.ar\/wp-content\/uploads\/2026\/03\/Screenshot-2026-03-11-at-7.28.30-AM-768x382.png 768w, https:\/\/hostingyou.com.ar\/wp-content\/uploads\/2026\/03\/Screenshot-2026-03-11-at-7.28.30-AM-18x9.png 18w, https:\/\/hostingyou.com.ar\/wp-content\/uploads\/2026\/03\/Screenshot-2026-03-11-at-7.28.30-AM-600x298.png 600w\" sizes=\"(max-width: 1106px) 100vw, 1106px\" \/>\t\t\t\t\t\t\t\t\t\t\t\t\t\t\t<\/div>\n\t\t\t\t<\/div>\n\t\t\t\t<\/div>\n\t\t<div class=\"elementor-element elementor-element-426d8a6 e-con-full e-flex e-con e-child\" data-id=\"426d8a6\" data-element_type=\"container\" data-e-type=\"container\">\n\t\t\t\t<div class=\"elementor-element elementor-element-38fe106 elementor-widget elementor-widget-text-editor\" data-id=\"38fe106\" data-element_type=\"widget\" data-e-type=\"widget\" data-widget_type=\"text-editor.default\">\n\t\t\t\t<div class=\"elementor-widget-container\">\n\t\t\t\t\t\t\t\t\t<p><span style=\"font-weight: 400;\">Galinhos es un para\u00edso natural para los amantes de la naturaleza y la aventura. Desde paseos en barco para explorar los manglares hasta caminatas por las dunas y nadar en las piscinas naturales que se forman durante la marea baja.<\/span><\/p>\t\t\t\t\t\t\t\t<\/div>\n\t\t\t\t<\/div>\n\t\t\t\t<\/div>\n\t\t\t\t\t<\/div>\n\t\t\t\t<\/div>\n\t\t<div class=\"elementor-element elementor-element-8f4a7e7 e-flex e-con-boxed e-con e-parent\" data-id=\"8f4a7e7\" data-element_type=\"container\" data-e-type=\"container\">\n\t\t\t\t\t<div class=\"e-con-inner\">\n\t\t<div class=\"elementor-element elementor-element-4aca046 e-con-full e-flex e-con e-child\" data-id=\"4aca046\" data-element_type=\"container\" data-e-type=\"container\">\n\t\t\t\t<div class=\"elementor-element elementor-element-da2f6c3 elementor-widget elementor-widget-text-editor\" data-id=\"da2f6c3\" data-element_type=\"widget\" data-e-type=\"widget\" data-widget_type=\"text-editor.default\">\n\t\t\t\t<div class=\"elementor-widget-container\">\n\t\t\t\t\t\t\t\t\t<p><span style=\"font-weight: 400;\">Para los amantes de los deportes, el kitesurf y el windsurf aprovechan los vientos favorables que soplan en la regi\u00f3n, ofreciendo condiciones ideales para la pr\u00e1ctica de estos deportes.<\/span><\/p>\t\t\t\t\t\t\t\t<\/div>\n\t\t\t\t<\/div>\n\t\t\t\t<\/div>\n\t\t<div class=\"elementor-element elementor-element-b667ce8 e-con-full e-flex e-con e-child\" data-id=\"b667ce8\" data-element_type=\"container\" data-e-type=\"container\">\n\t\t\t\t<div class=\"elementor-element elementor-element-590dece elementor-invisible elementor-widget elementor-widget-image\" data-id=\"590dece\" data-element_type=\"widget\" data-e-type=\"widget\" data-settings=\"{&quot;_animation&quot;:&quot;fadeIn&quot;}\" data-widget_type=\"image.default\">\n\t\t\t\t<div class=\"elementor-widget-container\">\n\t\t\t\t\t\t\t\t\t\t\t\t\t\t\t<img decoding=\"async\" width=\"1112\" height=\"560\" src=\"https:\/\/hostingyou.com.ar\/wp-content\/uploads\/2026\/03\/Screenshot-2026-03-11-at-7.28.40-AM.png\" class=\"attachment-full size-full wp-image-3374\" alt=\"\" srcset=\"https:\/\/hostingyou.com.ar\/wp-content\/uploads\/2026\/03\/Screenshot-2026-03-11-at-7.28.40-AM.png 1112w, https:\/\/hostingyou.com.ar\/wp-content\/uploads\/2026\/03\/Screenshot-2026-03-11-at-7.28.40-AM-300x151.png 300w, https:\/\/hostingyou.com.ar\/wp-content\/uploads\/2026\/03\/Screenshot-2026-03-11-at-7.28.40-AM-1024x516.png 1024w, https:\/\/hostingyou.com.ar\/wp-content\/uploads\/2026\/03\/Screenshot-2026-03-11-at-7.28.40-AM-768x387.png 768w, https:\/\/hostingyou.com.ar\/wp-content\/uploads\/2026\/03\/Screenshot-2026-03-11-at-7.28.40-AM-18x9.png 18w, https:\/\/hostingyou.com.ar\/wp-content\/uploads\/2026\/03\/Screenshot-2026-03-11-at-7.28.40-AM-600x302.png 600w\" sizes=\"(max-width: 1112px) 100vw, 1112px\" \/>\t\t\t\t\t\t\t\t\t\t\t\t\t\t\t<\/div>\n\t\t\t\t<\/div>\n\t\t\t\t<\/div>\n\t\t\t\t\t<\/div>\n\t\t\t\t<\/div>\n\t\t<div class=\"elementor-element elementor-element-1ec8ffb e-flex e-con-boxed e-con e-parent\" data-id=\"1ec8ffb\" data-element_type=\"container\" data-e-type=\"container\">\n\t\t\t\t\t<div class=\"e-con-inner\">\n\t\t<div class=\"elementor-element elementor-element-06cff0d e-con-full e-flex e-con e-child\" data-id=\"06cff0d\" data-element_type=\"container\" data-e-type=\"container\">\n\t\t\t\t<div class=\"elementor-element elementor-element-905daea elementor-invisible elementor-widget elementor-widget-image\" data-id=\"905daea\" data-element_type=\"widget\" data-e-type=\"widget\" data-settings=\"{&quot;_animation&quot;:&quot;fadeIn&quot;}\" data-widget_type=\"image.default\">\n\t\t\t\t<div class=\"elementor-widget-container\">\n\t\t\t\t\t\t\t\t\t\t\t\t\t\t\t<img loading=\"lazy\" decoding=\"async\" width=\"1100\" height=\"600\" src=\"https:\/\/hostingyou.com.ar\/wp-content\/uploads\/2026\/03\/RGDN-GALINHOS-GASTRONIMIA.jpg\" class=\"attachment-full size-full wp-image-3444\" alt=\"\" srcset=\"https:\/\/hostingyou.com.ar\/wp-content\/uploads\/2026\/03\/RGDN-GALINHOS-GASTRONIMIA.jpg 1100w, https:\/\/hostingyou.com.ar\/wp-content\/uploads\/2026\/03\/RGDN-GALINHOS-GASTRONIMIA-300x164.jpg 300w, https:\/\/hostingyou.com.ar\/wp-content\/uploads\/2026\/03\/RGDN-GALINHOS-GASTRONIMIA-1024x559.jpg 1024w, https:\/\/hostingyou.com.ar\/wp-content\/uploads\/2026\/03\/RGDN-GALINHOS-GASTRONIMIA-768x419.jpg 768w, https:\/\/hostingyou.com.ar\/wp-content\/uploads\/2026\/03\/RGDN-GALINHOS-GASTRONIMIA-18x10.jpg 18w, https:\/\/hostingyou.com.ar\/wp-content\/uploads\/2026\/03\/RGDN-GALINHOS-GASTRONIMIA-600x327.jpg 600w\" sizes=\"(max-width: 1100px) 100vw, 1100px\" \/>\t\t\t\t\t\t\t\t\t\t\t\t\t\t\t<\/div>\n\t\t\t\t<\/div>\n\t\t\t\t<\/div>\n\t\t<div class=\"elementor-element elementor-element-0a80a8f e-con-full e-flex e-con e-child\" data-id=\"0a80a8f\" data-element_type=\"container\" data-e-type=\"container\">\n\t\t\t\t<div class=\"elementor-element elementor-element-c0bfb78 elementor-widget elementor-widget-text-editor\" data-id=\"c0bfb78\" data-element_type=\"widget\" data-e-type=\"widget\" data-widget_type=\"text-editor.default\">\n\t\t\t\t<div class=\"elementor-widget-container\">\n\t\t\t\t\t\t\t\t\t<p><span style=\"font-weight: 400;\">La cocina de Galinhos es una celebraci\u00f3n de los sabores del mar y de la tierra. Los restaurantes sirven platos elaborados con las frutas m\u00e1s frescas del oc\u00e9ano, as\u00ed como delicias t\u00edpicas de la cocina nororiental.<\/span><\/p>\t\t\t\t\t\t\t\t<\/div>\n\t\t\t\t<\/div>\n\t\t\t\t<\/div>\n\t\t\t\t\t<\/div>\n\t\t\t\t<\/div>\n\t\t<div class=\"elementor-element elementor-element-45537f2 e-flex e-con-boxed e-con e-parent\" data-id=\"45537f2\" data-element_type=\"container\" data-e-type=\"container\" data-settings=\"{&quot;background_background&quot;:&quot;classic&quot;}\">\n\t\t\t\t\t<div class=\"e-con-inner\">\n\t\t\t\t<div class=\"elementor-element elementor-element-7ccede0 elementor-widget elementor-widget-text-editor\" data-id=\"7ccede0\" data-element_type=\"widget\" data-e-type=\"widget\" data-widget_type=\"text-editor.default\">\n\t\t\t\t<div class=\"elementor-widget-container\">\n\t\t\t\t\t\t\t\t\t<p><span style=\"font-weight: 400;\">Recomendamos organizar los paseos y alojamiento con antelaci\u00f3n, especialmente durante la temporada alta. Elegir el momento adecuado para visitar, considerando los ciclos de mareas y el clima, maximizar\u00e1 la experiencia y permitir\u00e1 disfrutar de todo lo que Galinhos ofrece.<\/span><\/p><p><span style=\"font-weight: 400;\">Inclui Galinhos en tu itinerario y descubre por qu\u00e9 este rinc\u00f3n escondido de Rio Grande do Norte es un tesoro para apreciar<\/span><\/p>\t\t\t\t\t\t\t\t<\/div>\n\t\t\t\t<\/div>\n\t\t\t\t\t<\/div>\n\t\t\t\t<\/div>\n\t\t<div class=\"elementor-element elementor-element-8117b78 e-flex e-con-boxed e-con e-parent\" data-id=\"8117b78\" data-element_type=\"container\" data-e-type=\"container\">\n\t\t\t\t\t<div class=\"e-con-inner\">\n\t\t\t\t\t<\/div>\n\t\t\t\t<\/div>\n\t\t\t\t<\/div>","protected":false},"excerpt":{"rendered":"<p>Descubre Galhinos Galinhos, un id\u00edlico pueblo de pescadores situado en Rio Grande do Norte, una joya, escondida entre las dunas&hellip;<\/p>","protected":false},"author":2,"featured_media":0,"parent":0,"menu_order":0,"comment_status":"closed","ping_status":"closed","template":"elementor_header_footer","meta":{"_acf_changed":false,"site-sidebar-layout":"no-sidebar","site-content-layout":"","ast-site-content-layout":"full-width-container","site-content-style":"default","site-sidebar-style":"default","ast-global-header-display":"","ast-banner-title-visibility":"","ast-main-header-display":"","ast-hfb-above-header-display":"","ast-hfb-below-header-display":"","ast-hfb-mobile-header-display":"","site-post-title":"","ast-breadcrumbs-content":"","ast-featured-img":"disabled","footer-sml-layout":"","ast-disable-related-posts":"","theme-transparent-header-meta":"default","adv-header-id-meta":"","stick-header-meta":"","header-above-stick-meta":"","header-main-stick-meta":"","header-below-stick-meta":"","astra-migrate-meta-layouts":"set","ast-page-background-enabled":"default","ast-page-background-meta":{"desktop":{"background-color":"var(--ast-global-color-5)","background-image":"","background-repeat":"repeat","background-position":"center center","background-size":"auto","background-attachment":"scroll","background-type":"","background-media":"","overlay-type":"","overlay-color":"","overlay-opacity":"","overlay-gradient":""},"tablet":{"background-color":"","background-image":"","background-repeat":"repeat","background-position":"center center","background-size":"auto","background-attachment":"scroll","background-type":"","background-media":"","overlay-type":"","overlay-color":"","overlay-opacity":"","overlay-gradient":""},"mobile":{"background-color":"","background-image":"","background-repeat":"repeat","background-position":"center center","background-size":"auto","background-attachment":"scroll","background-type":"","background-media":"","overlay-type":"","overlay-color":"","overlay-opacity":"","overlay-gradient":""}},"ast-content-background-meta":{"desktop":{"background-color":"var(--ast-global-color-4)","background-image":"","background-repeat":"repeat","background-position":"center center","background-size":"auto","background-attachment":"scroll","background-type":"","background-media":"","overlay-type":"","overlay-color":"","overlay-opacity":"","overlay-gradient":""},"tablet":{"background-color":"var(--ast-global-color-4)","background-image":"","background-repeat":"repeat","background-position":"center center","background-size":"auto","background-attachment":"scroll","background-type":"","background-media":"","overlay-type":"","overlay-color":"","overlay-opacity":"","overlay-gradient":""},"mobile":{"background-color":"var(--ast-global-color-4)","background-image":"","background-repeat":"repeat","background-position":"center center","background-size":"auto","background-attachment":"scroll","background-type":"","background-media":"","overlay-type":"","overlay-color":"","overlay-opacity":"","overlay-gradient":""}},"footnotes":""},"class_list":["post-3355","page","type-page","status-publish","hentry"],"acf":[],"aioseo_notices":[],"_links":{"self":[{"href":"https:\/\/hostingyou.com.ar\/br\/wp-json\/wp\/v2\/pages\/3355","targetHints":{"allow":["GET"]}}],"collection":[{"href":"https:\/\/hostingyou.com.ar\/br\/wp-json\/wp\/v2\/pages"}],"about":[{"href":"https:\/\/hostingyou.com.ar\/br\/wp-json\/wp\/v2\/types\/page"}],"author":[{"embeddable":true,"href":"https:\/\/hostingyou.com.ar\/br\/wp-json\/wp\/v2\/users\/2"}],"replies":[{"embeddable":true,"href":"https:\/\/hostingyou.com.ar\/br\/wp-json\/wp\/v2\/comments?post=3355"}],"version-history":[{"count":28,"href":"https:\/\/hostingyou.com.ar\/br\/wp-json\/wp\/v2\/pages\/3355\/revisions"}],"predecessor-version":[{"id":3447,"href":"https:\/\/hostingyou.com.ar\/br\/wp-json\/wp\/v2\/pages\/3355\/revisions\/3447"}],"wp:attachment":[{"href":"https:\/\/hostingyou.com.ar\/br\/wp-json\/wp\/v2\/media?parent=3355"}],"curies":[{"name":"wp","href":"https:\/\/api.w.org\/{rel}","templated":true}]}}