{"id":830,"date":"2025-08-25T15:12:57","date_gmt":"2025-08-25T15:12:57","guid":{"rendered":"https:\/\/hostingyou.com.ar\/?page_id=830"},"modified":"2025-10-22T09:14:03","modified_gmt":"2025-10-22T09:14:03","slug":"beneficio-fidelidade","status":"publish","type":"page","link":"https:\/\/hostingyou.com.ar\/br\/beneficio-fidelidade\/","title":{"rendered":"Consegu\u00ed el Beneficio Fidelidade &#8211; HostingYou"},"content":{"rendered":"<div data-elementor-type=\"wp-page\" data-elementor-id=\"830\" class=\"elementor elementor-830\" data-elementor-post-type=\"page\">\n\t\t\t\t<div class=\"elementor-element elementor-element-4acc8e1 e-flex e-con-boxed e-con e-parent\" data-id=\"4acc8e1\" data-element_type=\"container\" data-e-type=\"container\" data-settings=\"{&quot;background_background&quot;:&quot;classic&quot;}\">\n\t\t\t\t\t<div class=\"e-con-inner\">\n\t\t\t\t<div class=\"elementor-element elementor-element-cdd92e6 elementor-widget elementor-widget-heading\" data-id=\"cdd92e6\" data-element_type=\"widget\" data-e-type=\"widget\" data-widget_type=\"heading.default\">\n\t\t\t\t<div class=\"elementor-widget-container\">\n\t\t\t\t\t<h2 class=\"elementor-heading-title elementor-size-default\">Aproveite a tarifa para clientes MME Fidelidade<\/h2>\t\t\t\t<\/div>\n\t\t\t\t<\/div>\n\t\t\t\t\t<\/div>\n\t\t\t\t<\/div>\n\t\t<div class=\"elementor-element elementor-element-4fac3f0 e-flex e-con-boxed e-con e-parent\" data-id=\"4fac3f0\" data-element_type=\"container\" data-e-type=\"container\" data-settings=\"{&quot;background_background&quot;:&quot;classic&quot;}\">\n\t\t\t\t\t<div class=\"e-con-inner\">\n\t\t<div class=\"elementor-element elementor-element-3595142 e-con-full e-flex e-con e-child\" data-id=\"3595142\" data-element_type=\"container\" data-e-type=\"container\">\n\t\t\t\t<div class=\"elementor-element elementor-element-77e1cc1 elementor-widget elementor-widget-image\" data-id=\"77e1cc1\" data-element_type=\"widget\" data-e-type=\"widget\" data-widget_type=\"image.default\">\n\t\t\t\t<div class=\"elementor-widget-container\">\n\t\t\t\t\t\t\t\t\t\t\t\t\t\t\t<img fetchpriority=\"high\" decoding=\"async\" width=\"512\" height=\"512\" src=\"https:\/\/hostingyou.com.ar\/wp-content\/uploads\/2025\/10\/1.png\" class=\"elementor-animation-grow attachment-full size-full wp-image-1907\" alt=\"\" srcset=\"https:\/\/hostingyou.com.ar\/wp-content\/uploads\/2025\/10\/1.png 512w, https:\/\/hostingyou.com.ar\/wp-content\/uploads\/2025\/10\/1-300x300.png 300w, https:\/\/hostingyou.com.ar\/wp-content\/uploads\/2025\/10\/1-150x150.png 150w, https:\/\/hostingyou.com.ar\/wp-content\/uploads\/2025\/10\/1-100x100.png 100w\" sizes=\"(max-width: 512px) 100vw, 512px\" \/>\t\t\t\t\t\t\t\t\t\t\t\t\t\t\t<\/div>\n\t\t\t\t<\/div>\n\t\t\t\t<\/div>\n\t\t<div class=\"elementor-element elementor-element-98c281b e-con-full e-flex e-con e-child\" data-id=\"98c281b\" data-element_type=\"container\" data-e-type=\"container\">\n\t\t\t\t<div class=\"elementor-element elementor-element-96988ef elementor-widget elementor-widget-heading\" data-id=\"96988ef\" data-element_type=\"widget\" data-e-type=\"widget\" data-widget_type=\"heading.default\">\n\t\t\t\t<div class=\"elementor-widget-container\">\n\t\t\t\t\t<h2 class=\"elementor-heading-title elementor-size-default\">Insira o c\u00f3digo promocional<\/h2>\t\t\t\t<\/div>\n\t\t\t\t<\/div>\n\t\t\t\t<div class=\"elementor-element elementor-element-3643c67 elementor-widget elementor-widget-text-editor\" data-id=\"3643c67\" data-element_type=\"widget\" data-e-type=\"widget\" data-widget_type=\"text-editor.default\">\n\t\t\t\t<div class=\"elementor-widget-container\">\n\t\t\t\t\t\t\t\t\t<p><strong>C\u00f3digo promocional:<\/strong><\/p>\t\t\t\t\t\t\t\t<\/div>\n\t\t\t\t<\/div>\n\t\t\t\t<div class=\"elementor-element elementor-element-b73c622 elementor-widget elementor-widget-button\" data-id=\"b73c622\" data-element_type=\"widget\" data-e-type=\"widget\" data-widget_type=\"button.default\">\n\t\t\t\t<div class=\"elementor-widget-container\">\n\t\t\t\t\t\t\t\t\t<div class=\"elementor-button-wrapper\">\n\t\t\t\t\t<a class=\"elementor-button elementor-size-sm\" role=\"button\">\n\t\t\t\t\t\t<span class=\"elementor-button-content-wrapper\">\n\t\t\t\t\t\t\t\t\t<span class=\"elementor-button-text\">HOSTINGYOU<\/span>\n\t\t\t\t\t<\/span>\n\t\t\t\t\t<\/a>\n\t\t\t\t<\/div>\n\t\t\t\t\t\t\t\t<\/div>\n\t\t\t\t<\/div>\n\t\t\t\t<\/div>\n\t\t\t\t\t<\/div>\n\t\t\t\t<\/div>\n\t\t<div class=\"elementor-element elementor-element-ee612a3 e-flex e-con-boxed e-con e-parent\" data-id=\"ee612a3\" data-element_type=\"container\" data-e-type=\"container\">\n\t\t\t\t\t<div class=\"e-con-inner\">\n\t\t<div class=\"elementor-element elementor-element-2d71bfb e-con-full e-flex e-con e-child\" data-id=\"2d71bfb\" data-element_type=\"container\" data-e-type=\"container\">\n\t\t\t\t<div class=\"elementor-element elementor-element-f7c92a6 elementor-widget elementor-widget-image\" data-id=\"f7c92a6\" data-element_type=\"widget\" data-e-type=\"widget\" data-widget_type=\"image.default\">\n\t\t\t\t<div class=\"elementor-widget-container\">\n\t\t\t\t\t\t\t\t\t\t\t\t\t\t\t<img decoding=\"async\" width=\"512\" height=\"512\" src=\"https:\/\/hostingyou.com.ar\/wp-content\/uploads\/2025\/10\/2.png\" class=\"elementor-animation-grow attachment-full size-full wp-image-1908\" alt=\"\" srcset=\"https:\/\/hostingyou.com.ar\/wp-content\/uploads\/2025\/10\/2.png 512w, https:\/\/hostingyou.com.ar\/wp-content\/uploads\/2025\/10\/2-300x300.png 300w, https:\/\/hostingyou.com.ar\/wp-content\/uploads\/2025\/10\/2-150x150.png 150w, https:\/\/hostingyou.com.ar\/wp-content\/uploads\/2025\/10\/2-100x100.png 100w\" sizes=\"(max-width: 512px) 100vw, 512px\" \/>\t\t\t\t\t\t\t\t\t\t\t\t\t\t\t<\/div>\n\t\t\t\t<\/div>\n\t\t\t\t<\/div>\n\t\t<div class=\"elementor-element elementor-element-fb8f7c4 e-con-full e-flex e-con e-child\" data-id=\"fb8f7c4\" data-element_type=\"container\" data-e-type=\"container\">\n\t\t\t\t<div class=\"elementor-element elementor-element-5adde8a elementor-widget elementor-widget-heading\" data-id=\"5adde8a\" data-element_type=\"widget\" data-e-type=\"widget\" data-widget_type=\"heading.default\">\n\t\t\t\t<div class=\"elementor-widget-container\">\n\t\t\t\t\t<h2 class=\"elementor-heading-title elementor-size-default\">Selecione a tarifa MME Fidelidade<\/h2>\t\t\t\t<\/div>\n\t\t\t\t<\/div>\n\t\t\t\t<div class=\"elementor-element elementor-element-afea7b3 elementor-widget elementor-widget-text-editor\" data-id=\"afea7b3\" data-element_type=\"widget\" data-e-type=\"widget\" data-widget_type=\"text-editor.default\">\n\t\t\t\t<div class=\"elementor-widget-container\">\n\t\t\t\t\t\t\t\t\t<p><span style=\"font-weight: 400;\">Voc\u00ea ver\u00e1 dois tipos de tarifa. Comprando conosco, voc\u00ea poder\u00e1 escolher a mais econ\u00f4mica da MME Fidelidade.<\/span><\/p>\t\t\t\t\t\t\t\t<\/div>\n\t\t\t\t<\/div>\n\t\t\t\t<div class=\"elementor-element elementor-element-5db2c94 elementor-widget elementor-widget-image\" data-id=\"5db2c94\" data-element_type=\"widget\" data-e-type=\"widget\" data-widget_type=\"image.default\">\n\t\t\t\t<div class=\"elementor-widget-container\">\n\t\t\t\t\t\t\t\t\t\t\t\t\t\t\t<img decoding=\"async\" width=\"254\" height=\"72\" src=\"https:\/\/hostingyou.com.ar\/wp-content\/uploads\/2025\/09\/Screenshot-2025-09-05-at-7.57.33-PM.png\" class=\"attachment-full size-full wp-image-1353\" alt=\"\" \/>\t\t\t\t\t\t\t\t\t\t\t\t\t\t\t<\/div>\n\t\t\t\t<\/div>\n\t\t\t\t<\/div>\n\t\t\t\t\t<\/div>\n\t\t\t\t<\/div>\n\t\t<div class=\"elementor-element elementor-element-bf6688f e-flex e-con-boxed e-con e-parent\" data-id=\"bf6688f\" data-element_type=\"container\" data-e-type=\"container\" data-settings=\"{&quot;background_background&quot;:&quot;classic&quot;}\">\n\t\t\t\t\t<div class=\"e-con-inner\">\n\t\t<div class=\"elementor-element elementor-element-3fdb2ae e-con-full e-flex e-con e-child\" data-id=\"3fdb2ae\" data-element_type=\"container\" data-e-type=\"container\">\n\t\t\t\t<div class=\"elementor-element elementor-element-665ffc4 elementor-widget elementor-widget-image\" data-id=\"665ffc4\" data-element_type=\"widget\" data-e-type=\"widget\" data-widget_type=\"image.default\">\n\t\t\t\t<div class=\"elementor-widget-container\">\n\t\t\t\t\t\t\t\t\t\t\t\t\t\t\t<img loading=\"lazy\" decoding=\"async\" width=\"512\" height=\"512\" src=\"https:\/\/hostingyou.com.ar\/wp-content\/uploads\/2025\/10\/3.png\" class=\"elementor-animation-grow attachment-full size-full wp-image-1909\" alt=\"\" srcset=\"https:\/\/hostingyou.com.ar\/wp-content\/uploads\/2025\/10\/3.png 512w, https:\/\/hostingyou.com.ar\/wp-content\/uploads\/2025\/10\/3-300x300.png 300w, https:\/\/hostingyou.com.ar\/wp-content\/uploads\/2025\/10\/3-150x150.png 150w, https:\/\/hostingyou.com.ar\/wp-content\/uploads\/2025\/10\/3-100x100.png 100w\" sizes=\"(max-width: 512px) 100vw, 512px\" \/>\t\t\t\t\t\t\t\t\t\t\t\t\t\t\t<\/div>\n\t\t\t\t<\/div>\n\t\t\t\t<\/div>\n\t\t<div class=\"elementor-element elementor-element-8f83d56 e-con-full e-flex e-con e-child\" data-id=\"8f83d56\" data-element_type=\"container\" data-e-type=\"container\">\n\t\t\t\t<div class=\"elementor-element elementor-element-f046ec3 elementor-widget elementor-widget-heading\" data-id=\"f046ec3\" data-element_type=\"widget\" data-e-type=\"widget\" data-widget_type=\"heading.default\">\n\t\t\t\t<div class=\"elementor-widget-container\">\n\t\t\t\t\t<h2 class=\"elementor-heading-title elementor-size-default\">Finalize a reserva!<\/h2>\t\t\t\t<\/div>\n\t\t\t\t<\/div>\n\t\t\t\t<div class=\"elementor-element elementor-element-6aedbe2 elementor-widget elementor-widget-text-editor\" data-id=\"6aedbe2\" data-element_type=\"widget\" data-e-type=\"widget\" data-widget_type=\"text-editor.default\">\n\t\t\t\t<div class=\"elementor-widget-container\">\n\t\t\t\t\t\t\t\t\t<p>Ao finalizar a reserva, voc\u00ea poder\u00e1 se beneficiar de ambos os descontos preenchendo um formul\u00e1rio bem simples com seus dados pessoais.<\/p>\t\t\t\t\t\t\t\t<\/div>\n\t\t\t\t<\/div>\n\t\t\t\t<\/div>\n\t\t\t\t\t<\/div>\n\t\t\t\t<\/div>\n\t\t\t\t<\/div>","protected":false},"excerpt":{"rendered":"<p>Aprovecha la tarifa para clientes MME Fidelidade Carga el c\u00f3digo promocional Codigo promocional: HOSTINGYOU Selecciona la tarifa MME Fidelidade Ver\u00e1s&hellip;<\/p>","protected":false},"author":2,"featured_media":0,"parent":0,"menu_order":0,"comment_status":"closed","ping_status":"closed","template":"elementor_header_footer","meta":{"_acf_changed":false,"site-sidebar-layout":"no-sidebar","site-content-layout":"","ast-site-content-layout":"full-width-container","site-content-style":"default","site-sidebar-style":"default","ast-global-header-display":"","ast-banner-title-visibility":"","ast-main-header-display":"","ast-hfb-above-header-display":"","ast-hfb-below-header-display":"","ast-hfb-mobile-header-display":"","site-post-title":"disabled","ast-breadcrumbs-content":"","ast-featured-img":"disabled","footer-sml-layout":"","ast-disable-related-posts":"","theme-transparent-header-meta":"","adv-header-id-meta":"","stick-header-meta":"","header-above-stick-meta":"","header-main-stick-meta":"","header-below-stick-meta":"","astra-migrate-meta-layouts":"default","ast-page-background-enabled":"default","ast-page-background-meta":{"desktop":{"background-color":"var(--ast-global-color-5)","background-image":"","background-repeat":"repeat","background-position":"center center","background-size":"auto","background-attachment":"scroll","background-type":"","background-media":"","overlay-type":"","overlay-color":"","overlay-opacity":"","overlay-gradient":""},"tablet":{"background-color":"","background-image":"","background-repeat":"repeat","background-position":"center center","background-size":"auto","background-attachment":"scroll","background-type":"","background-media":"","overlay-type":"","overlay-color":"","overlay-opacity":"","overlay-gradient":""},"mobile":{"background-color":"","background-image":"","background-repeat":"repeat","background-position":"center center","background-size":"auto","background-attachment":"scroll","background-type":"","background-media":"","overlay-type":"","overlay-color":"","overlay-opacity":"","overlay-gradient":""}},"ast-content-background-meta":{"desktop":{"background-color":"var(--ast-global-color-4)","background-image":"","background-repeat":"repeat","background-position":"center center","background-size":"auto","background-attachment":"scroll","background-type":"","background-media":"","overlay-type":"","overlay-color":"","overlay-opacity":"","overlay-gradient":""},"tablet":{"background-color":"var(--ast-global-color-4)","background-image":"","background-repeat":"repeat","background-position":"center center","background-size":"auto","background-attachment":"scroll","background-type":"","background-media":"","overlay-type":"","overlay-color":"","overlay-opacity":"","overlay-gradient":""},"mobile":{"background-color":"var(--ast-global-color-4)","background-image":"","background-repeat":"repeat","background-position":"center center","background-size":"auto","background-attachment":"scroll","background-type":"","background-media":"","overlay-type":"","overlay-color":"","overlay-opacity":"","overlay-gradient":""}},"_joinchat":[],"footnotes":""},"class_list":["post-830","page","type-page","status-publish","hentry"],"acf":[],"aioseo_notices":[],"_links":{"self":[{"href":"https:\/\/hostingyou.com.ar\/br\/wp-json\/wp\/v2\/pages\/830","targetHints":{"allow":["GET"]}}],"collection":[{"href":"https:\/\/hostingyou.com.ar\/br\/wp-json\/wp\/v2\/pages"}],"about":[{"href":"https:\/\/hostingyou.com.ar\/br\/wp-json\/wp\/v2\/types\/page"}],"author":[{"embeddable":true,"href":"https:\/\/hostingyou.com.ar\/br\/wp-json\/wp\/v2\/users\/2"}],"replies":[{"embeddable":true,"href":"https:\/\/hostingyou.com.ar\/br\/wp-json\/wp\/v2\/comments?post=830"}],"version-history":[{"count":35,"href":"https:\/\/hostingyou.com.ar\/br\/wp-json\/wp\/v2\/pages\/830\/revisions"}],"predecessor-version":[{"id":2100,"href":"https:\/\/hostingyou.com.ar\/br\/wp-json\/wp\/v2\/pages\/830\/revisions\/2100"}],"wp:attachment":[{"href":"https:\/\/hostingyou.com.ar\/br\/wp-json\/wp\/v2\/media?parent=830"}],"curies":[{"name":"wp","href":"https:\/\/api.w.org\/{rel}","templated":true}]}}