{"id":838,"date":"2025-08-25T15:14:39","date_gmt":"2025-08-25T15:14:39","guid":{"rendered":"https:\/\/hostingyou.com.ar\/?page_id=838"},"modified":"2026-04-24T07:57:04","modified_gmt":"2026-04-24T10:57:04","slug":"vacaciones","status":"publish","type":"page","link":"https:\/\/hostingyou.com.ar\/br\/vacaciones\/","title":{"rendered":"Vacaciones en brazil y con playa &#8211; HostingYou"},"content":{"rendered":"<div data-elementor-type=\"wp-page\" data-elementor-id=\"838\" class=\"elementor elementor-838\" data-elementor-post-type=\"page\">\n\t\t\t\t<div class=\"elementor-element elementor-element-84abfcb e-flex e-con-boxed e-con e-parent\" data-id=\"84abfcb\" data-element_type=\"container\" data-e-type=\"container\" data-settings=\"{&quot;background_background&quot;:&quot;classic&quot;}\">\n\t\t\t\t\t<div class=\"e-con-inner\">\n\t\t\t\t<div class=\"elementor-element elementor-element-1bc1524 elementor-widget elementor-widget-heading\" data-id=\"1bc1524\" data-element_type=\"widget\" data-e-type=\"widget\" data-widget_type=\"heading.default\">\n\t\t\t\t<div class=\"elementor-widget-container\">\n\t\t\t\t\t<h2 class=\"elementor-heading-title elementor-size-default\">Como usar nossos descontos<\/h2>\t\t\t\t<\/div>\n\t\t\t\t<\/div>\n\t\t\t\t\t<\/div>\n\t\t\t\t<\/div>\n\t\t<div class=\"elementor-element elementor-element-98ef67c e-flex e-con-boxed e-con e-parent\" data-id=\"98ef67c\" data-element_type=\"container\" data-e-type=\"container\">\n\t\t\t\t\t<div class=\"e-con-inner\">\n\t\t\t\t<div class=\"elementor-element elementor-element-4d29de0 elementor-widget elementor-widget-text-editor\" data-id=\"4d29de0\" data-element_type=\"widget\" data-e-type=\"widget\" data-widget_type=\"text-editor.default\">\n\t\t\t\t<div class=\"elementor-widget-container\">\n\t\t\t\t\t\t\t\t\tOferecemos v\u00e1rias op\u00e7\u00f5es, todas em lugares incr\u00edveis, com um cen\u00e1rio natural paradis\u00edaco. Cataratas, mar e praia s\u00e3o nossos escolhidos para voc\u00ea aproveitar. Compartilhamos nossos segredos, a maioria deles em locais \u00e0 beira-mar ou muito pr\u00f3ximos. Conforto de uma estadia agrad\u00e1vel combinado com o prazer da \u00e1gua. F\u00e9rias perfeitas.\t\t\t\t\t\t\t\t<\/div>\n\t\t\t\t<\/div>\n\t\t\t\t\t<\/div>\n\t\t\t\t<\/div>\n\t\t<div class=\"elementor-element elementor-element-6743a6d e-flex e-con-boxed e-con e-parent\" data-id=\"6743a6d\" data-element_type=\"container\" data-e-type=\"container\" data-settings=\"{&quot;background_background&quot;:&quot;classic&quot;}\">\n\t\t\t\t\t<div class=\"e-con-inner\">\n\t\t<div class=\"elementor-element elementor-element-5a0ca85 e-con-full e-flex e-con e-child\" data-id=\"5a0ca85\" data-element_type=\"container\" data-e-type=\"container\">\n\t\t\t\t<div class=\"elementor-element elementor-element-4f3442a elementor-widget elementor-widget-image\" data-id=\"4f3442a\" data-element_type=\"widget\" data-e-type=\"widget\" data-widget_type=\"image.default\">\n\t\t\t\t<div class=\"elementor-widget-container\">\n\t\t\t\t\t\t\t\t\t\t\t\t\t\t\t<img fetchpriority=\"high\" decoding=\"async\" width=\"512\" height=\"512\" src=\"https:\/\/hostingyou.com.ar\/wp-content\/uploads\/2025\/10\/1.png\" class=\"elementor-animation-grow attachment-full size-full wp-image-1907\" alt=\"\" srcset=\"https:\/\/hostingyou.com.ar\/wp-content\/uploads\/2025\/10\/1.png 512w, https:\/\/hostingyou.com.ar\/wp-content\/uploads\/2025\/10\/1-300x300.png 300w, https:\/\/hostingyou.com.ar\/wp-content\/uploads\/2025\/10\/1-150x150.png 150w, https:\/\/hostingyou.com.ar\/wp-content\/uploads\/2025\/10\/1-100x100.png 100w\" sizes=\"(max-width: 512px) 100vw, 512px\" \/>\t\t\t\t\t\t\t\t\t\t\t\t\t\t\t<\/div>\n\t\t\t\t<\/div>\n\t\t\t\t<\/div>\n\t\t<div class=\"elementor-element elementor-element-ce5e11e e-con-full e-flex e-con e-child\" data-id=\"ce5e11e\" data-element_type=\"container\" data-e-type=\"container\">\n\t\t\t\t<div class=\"elementor-element elementor-element-4a77136 elementor-widget elementor-widget-heading\" data-id=\"4a77136\" data-element_type=\"widget\" data-e-type=\"widget\" data-widget_type=\"heading.default\">\n\t\t\t\t<div class=\"elementor-widget-container\">\n\t\t\t\t\t<h2 class=\"elementor-heading-title elementor-size-default\">Selecione a acomoda\u00e7\u00e3o<\/h2>\t\t\t\t<\/div>\n\t\t\t\t<\/div>\n\t\t\t\t<div class=\"elementor-element elementor-element-fc60194 elementor-widget elementor-widget-text-editor\" data-id=\"fc60194\" data-element_type=\"widget\" data-e-type=\"widget\" data-widget_type=\"text-editor.default\">\n\t\t\t\t<div class=\"elementor-widget-container\">\n\t\t\t\t\t\t\t\t\t<p>Depois de escolher o hotel, clique em:<\/p>\t\t\t\t\t\t\t\t<\/div>\n\t\t\t\t<\/div>\n\t\t\t\t<div class=\"elementor-element elementor-element-9ac20e5 elementor-widget elementor-widget-button\" data-id=\"9ac20e5\" data-element_type=\"widget\" data-e-type=\"widget\" data-widget_type=\"button.default\">\n\t\t\t\t<div class=\"elementor-widget-container\">\n\t\t\t\t\t\t\t\t\t<div class=\"elementor-button-wrapper\">\n\t\t\t\t\t<a class=\"elementor-button elementor-size-sm\" role=\"button\">\n\t\t\t\t\t\t<span class=\"elementor-button-content-wrapper\">\n\t\t\t\t\t\t\t\t\t<span class=\"elementor-button-text\">Reservar Agora<\/span>\n\t\t\t\t\t<\/span>\n\t\t\t\t\t<\/a>\n\t\t\t\t<\/div>\n\t\t\t\t\t\t\t\t<\/div>\n\t\t\t\t<\/div>\n\t\t\t\t<\/div>\n\t\t\t\t\t<\/div>\n\t\t\t\t<\/div>\n\t\t<div class=\"elementor-element elementor-element-f718414 e-flex e-con-boxed e-con e-parent\" data-id=\"f718414\" data-element_type=\"container\" data-e-type=\"container\">\n\t\t\t\t\t<div class=\"e-con-inner\">\n\t\t<div class=\"elementor-element elementor-element-697f3b0 e-con-full e-flex e-con e-child\" data-id=\"697f3b0\" data-element_type=\"container\" data-e-type=\"container\">\n\t\t\t\t<div class=\"elementor-element elementor-element-fa0cf4c elementor-widget elementor-widget-image\" data-id=\"fa0cf4c\" data-element_type=\"widget\" data-e-type=\"widget\" data-widget_type=\"image.default\">\n\t\t\t\t<div class=\"elementor-widget-container\">\n\t\t\t\t\t\t\t\t\t\t\t\t\t\t\t<img decoding=\"async\" width=\"512\" height=\"512\" src=\"https:\/\/hostingyou.com.ar\/wp-content\/uploads\/2025\/10\/2.png\" class=\"elementor-animation-grow attachment-full size-full wp-image-1908\" alt=\"\" srcset=\"https:\/\/hostingyou.com.ar\/wp-content\/uploads\/2025\/10\/2.png 512w, https:\/\/hostingyou.com.ar\/wp-content\/uploads\/2025\/10\/2-300x300.png 300w, https:\/\/hostingyou.com.ar\/wp-content\/uploads\/2025\/10\/2-150x150.png 150w, https:\/\/hostingyou.com.ar\/wp-content\/uploads\/2025\/10\/2-100x100.png 100w\" sizes=\"(max-width: 512px) 100vw, 512px\" \/>\t\t\t\t\t\t\t\t\t\t\t\t\t\t\t<\/div>\n\t\t\t\t<\/div>\n\t\t\t\t<\/div>\n\t\t<div class=\"elementor-element elementor-element-bcc0625 e-con-full e-flex e-con e-child\" data-id=\"bcc0625\" data-element_type=\"container\" data-e-type=\"container\">\n\t\t\t\t<div class=\"elementor-element elementor-element-88dbeb9 elementor-widget elementor-widget-heading\" data-id=\"88dbeb9\" data-element_type=\"widget\" data-e-type=\"widget\" data-widget_type=\"heading.default\">\n\t\t\t\t<div class=\"elementor-widget-container\">\n\t\t\t\t\t<h2 class=\"elementor-heading-title elementor-size-default\">Aplicar c\u00f3digo de desconto<\/h2>\t\t\t\t<\/div>\n\t\t\t\t<\/div>\n\t\t\t\t<div class=\"elementor-element elementor-element-c332afe elementor-widget elementor-widget-text-editor\" data-id=\"c332afe\" data-element_type=\"widget\" data-e-type=\"widget\" data-widget_type=\"text-editor.default\">\n\t\t\t\t<div class=\"elementor-widget-container\">\n\t\t\t\t\t\t\t\t\t<p class=\" translation-block\">Ap\u00f3s selecionar a data e os h\u00f3spedes, voc\u00ea poder\u00e1 aplicar nosso <b>c\u00f3digo de desconto:<\/b><\/p>\t\t\t\t\t\t\t\t<\/div>\n\t\t\t\t<\/div>\n\t\t\t\t<div class=\"elementor-element elementor-element-ffcb800 elementor-widget elementor-widget-text-editor\" data-id=\"ffcb800\" data-element_type=\"widget\" data-e-type=\"widget\" data-widget_type=\"text-editor.default\">\n\t\t\t\t<div class=\"elementor-widget-container\">\n\t\t\t\t\t\t\t\t\t<p><strong>C\u00f3digo Promocional:<\/strong><\/p>\t\t\t\t\t\t\t\t<\/div>\n\t\t\t\t<\/div>\n\t\t\t\t<div class=\"elementor-element elementor-element-e73d1be elementor-widget elementor-widget-button\" data-id=\"e73d1be\" data-element_type=\"widget\" data-e-type=\"widget\" data-widget_type=\"button.default\">\n\t\t\t\t<div class=\"elementor-widget-container\">\n\t\t\t\t\t\t\t\t\t<div class=\"elementor-button-wrapper\">\n\t\t\t\t\t<a class=\"elementor-button elementor-size-sm\" role=\"button\">\n\t\t\t\t\t\t<span class=\"elementor-button-content-wrapper\">\n\t\t\t\t\t\t\t\t\t<span class=\"elementor-button-text\">HOSTINGYOU<\/span>\n\t\t\t\t\t<\/span>\n\t\t\t\t\t<\/a>\n\t\t\t\t<\/div>\n\t\t\t\t\t\t\t\t<\/div>\n\t\t\t\t<\/div>\n\t\t\t\t<\/div>\n\t\t\t\t\t<\/div>\n\t\t\t\t<\/div>\n\t\t<div class=\"elementor-element elementor-element-057c571 e-flex e-con-boxed e-con e-parent\" data-id=\"057c571\" data-element_type=\"container\" data-e-type=\"container\" data-settings=\"{&quot;background_background&quot;:&quot;classic&quot;}\">\n\t\t\t\t\t<div class=\"e-con-inner\">\n\t\t<div class=\"elementor-element elementor-element-8195650 e-con-full e-flex e-con e-child\" data-id=\"8195650\" data-element_type=\"container\" data-e-type=\"container\">\n\t\t\t\t<div class=\"elementor-element elementor-element-968ced6 elementor-widget elementor-widget-image\" data-id=\"968ced6\" data-element_type=\"widget\" data-e-type=\"widget\" data-widget_type=\"image.default\">\n\t\t\t\t<div class=\"elementor-widget-container\">\n\t\t\t\t\t\t\t\t\t\t\t\t\t\t\t<img decoding=\"async\" width=\"512\" height=\"512\" src=\"https:\/\/hostingyou.com.ar\/wp-content\/uploads\/2025\/10\/3.png\" class=\"elementor-animation-grow attachment-full size-full wp-image-1909\" alt=\"\" srcset=\"https:\/\/hostingyou.com.ar\/wp-content\/uploads\/2025\/10\/3.png 512w, https:\/\/hostingyou.com.ar\/wp-content\/uploads\/2025\/10\/3-300x300.png 300w, https:\/\/hostingyou.com.ar\/wp-content\/uploads\/2025\/10\/3-150x150.png 150w, https:\/\/hostingyou.com.ar\/wp-content\/uploads\/2025\/10\/3-100x100.png 100w\" sizes=\"(max-width: 512px) 100vw, 512px\" \/>\t\t\t\t\t\t\t\t\t\t\t\t\t\t\t<\/div>\n\t\t\t\t<\/div>\n\t\t\t\t<\/div>\n\t\t<div class=\"elementor-element elementor-element-9cd366e e-con-full e-flex e-con e-child\" data-id=\"9cd366e\" data-element_type=\"container\" data-e-type=\"container\">\n\t\t\t\t<div class=\"elementor-element elementor-element-d08ae04 elementor-widget elementor-widget-heading\" data-id=\"d08ae04\" data-element_type=\"widget\" data-e-type=\"widget\" data-widget_type=\"heading.default\">\n\t\t\t\t<div class=\"elementor-widget-container\">\n\t\t\t\t\t<h2 class=\"elementor-heading-title elementor-size-default\">Pronto!<\/h2>\t\t\t\t<\/div>\n\t\t\t\t<\/div>\n\t\t\t\t<div class=\"elementor-element elementor-element-a20bd9d elementor-widget elementor-widget-text-editor\" data-id=\"a20bd9d\" data-element_type=\"widget\" data-e-type=\"widget\" data-widget_type=\"text-editor.default\">\n\t\t\t\t<div class=\"elementor-widget-container\">\n\t\t\t\t\t\t\t\t\t<p class=\" translation-block\">Selecione o quarto e pronto!<br>\n Seu desconto estar\u00e1 aplicado.<\/p>\t\t\t\t\t\t\t\t<\/div>\n\t\t\t\t<\/div>\n\t\t\t\t<\/div>\n\t\t\t\t\t<\/div>\n\t\t\t\t<\/div>\n\t\t\t\t<\/div>","protected":false},"excerpt":{"rendered":"<p>Como utilizar nuestros descuentos Te acercamos distintas opciones, todas en lugares incre\u00edbles, con un entorno natural paradisiaco. Cataratas, mar y&hellip;<\/p>","protected":false},"author":2,"featured_media":0,"parent":0,"menu_order":0,"comment_status":"closed","ping_status":"closed","template":"elementor_header_footer","meta":{"_acf_changed":false,"site-sidebar-layout":"no-sidebar","site-content-layout":"","ast-site-content-layout":"full-width-container","site-content-style":"default","site-sidebar-style":"default","ast-global-header-display":"","ast-banner-title-visibility":"","ast-main-header-display":"","ast-hfb-above-header-display":"","ast-hfb-below-header-display":"","ast-hfb-mobile-header-display":"","site-post-title":"disabled","ast-breadcrumbs-content":"","ast-featured-img":"disabled","footer-sml-layout":"","ast-disable-related-posts":"","theme-transparent-header-meta":"default","adv-header-id-meta":"","stick-header-meta":"","header-above-stick-meta":"","header-main-stick-meta":"","header-below-stick-meta":"","astra-migrate-meta-layouts":"set","ast-page-background-enabled":"default","ast-page-background-meta":{"desktop":{"background-color":"var(--ast-global-color-5)","background-image":"","background-repeat":"repeat","background-position":"center center","background-size":"auto","background-attachment":"scroll","background-type":"","background-media":"","overlay-type":"","overlay-color":"","overlay-opacity":"","overlay-gradient":""},"tablet":{"background-color":"","background-image":"","background-repeat":"repeat","background-position":"center center","background-size":"auto","background-attachment":"scroll","background-type":"","background-media":"","overlay-type":"","overlay-color":"","overlay-opacity":"","overlay-gradient":""},"mobile":{"background-color":"","background-image":"","background-repeat":"repeat","background-position":"center center","background-size":"auto","background-attachment":"scroll","background-type":"","background-media":"","overlay-type":"","overlay-color":"","overlay-opacity":"","overlay-gradient":""}},"ast-content-background-meta":{"desktop":{"background-color":"var(--ast-global-color-4)","background-image":"","background-repeat":"repeat","background-position":"center center","background-size":"auto","background-attachment":"scroll","background-type":"","background-media":"","overlay-type":"","overlay-color":"","overlay-opacity":"","overlay-gradient":""},"tablet":{"background-color":"var(--ast-global-color-4)","background-image":"","background-repeat":"repeat","background-position":"center center","background-size":"auto","background-attachment":"scroll","background-type":"","background-media":"","overlay-type":"","overlay-color":"","overlay-opacity":"","overlay-gradient":""},"mobile":{"background-color":"var(--ast-global-color-4)","background-image":"","background-repeat":"repeat","background-position":"center center","background-size":"auto","background-attachment":"scroll","background-type":"","background-media":"","overlay-type":"","overlay-color":"","overlay-opacity":"","overlay-gradient":""}},"footnotes":""},"class_list":["post-838","page","type-page","status-publish","hentry"],"acf":[],"aioseo_notices":[],"_links":{"self":[{"href":"https:\/\/hostingyou.com.ar\/br\/wp-json\/wp\/v2\/pages\/838","targetHints":{"allow":["GET"]}}],"collection":[{"href":"https:\/\/hostingyou.com.ar\/br\/wp-json\/wp\/v2\/pages"}],"about":[{"href":"https:\/\/hostingyou.com.ar\/br\/wp-json\/wp\/v2\/types\/page"}],"author":[{"embeddable":true,"href":"https:\/\/hostingyou.com.ar\/br\/wp-json\/wp\/v2\/users\/2"}],"replies":[{"embeddable":true,"href":"https:\/\/hostingyou.com.ar\/br\/wp-json\/wp\/v2\/comments?post=838"}],"version-history":[{"count":45,"href":"https:\/\/hostingyou.com.ar\/br\/wp-json\/wp\/v2\/pages\/838\/revisions"}],"predecessor-version":[{"id":2317,"href":"https:\/\/hostingyou.com.ar\/br\/wp-json\/wp\/v2\/pages\/838\/revisions\/2317"}],"wp:attachment":[{"href":"https:\/\/hostingyou.com.ar\/br\/wp-json\/wp\/v2\/media?parent=838"}],"curies":[{"name":"wp","href":"https:\/\/api.w.org\/{rel}","templated":true}]}}