{"id":853,"date":"2025-08-25T15:22:10","date_gmt":"2025-08-25T15:22:10","guid":{"rendered":"https:\/\/hostingyou.com.ar\/?page_id=853"},"modified":"2025-08-25T23:42:30","modified_gmt":"2025-08-25T23:42:30","slug":"preguntas-frequentes","status":"publish","type":"page","link":"https:\/\/hostingyou.com.ar\/br\/preguntas-frequentes\/","title":{"rendered":"Preguntas Frequentes"},"content":{"rendered":"<div data-elementor-type=\"wp-page\" data-elementor-id=\"853\" class=\"elementor elementor-853\" data-elementor-post-type=\"page\">\n\t\t\t\t<div class=\"elementor-element elementor-element-84abfcb e-flex e-con-boxed e-con e-parent\" data-id=\"84abfcb\" data-element_type=\"container\" data-e-type=\"container\" data-settings=\"{&quot;background_background&quot;:&quot;classic&quot;}\">\n\t\t\t\t\t<div class=\"e-con-inner\">\n\t\t\t\t<div class=\"elementor-element elementor-element-1bc1524 elementor-widget elementor-widget-heading\" data-id=\"1bc1524\" data-element_type=\"widget\" data-e-type=\"widget\" data-widget_type=\"heading.default\">\n\t\t\t\t<div class=\"elementor-widget-container\">\n\t\t\t\t\t<h2 class=\"elementor-heading-title elementor-size-default\">Preguntas Frequentes<\/h2>\t\t\t\t<\/div>\n\t\t\t\t<\/div>\n\t\t\t\t\t<\/div>\n\t\t\t\t<\/div>\n\t\t<div class=\"elementor-element elementor-element-598db5b e-flex e-con-boxed e-con e-parent\" data-id=\"598db5b\" data-element_type=\"container\" data-e-type=\"container\">\n\t\t\t\t\t<div class=\"e-con-inner\">\n\t\t<div class=\"elementor-element elementor-element-51d58a0 e-con-full e-flex e-con e-child\" data-id=\"51d58a0\" data-element_type=\"container\" data-e-type=\"container\">\n\t\t\t\t<div class=\"elementor-element elementor-element-58de02a elementor-widget elementor-widget-eael-adv-accordion\" data-id=\"58de02a\" data-element_type=\"widget\" data-e-type=\"widget\" data-widget_type=\"eael-adv-accordion.default\">\n\t\t\t\t<div class=\"elementor-widget-container\">\n\t\t\t\t\t            <div class=\"eael-adv-accordion\" id=\"eael-adv-accordion-58de02a\" data-scroll-on-click=\"no\" data-scroll-speed=\"300\" data-accordion-id=\"58de02a\" data-accordion-type=\"accordion\" data-toogle-speed=\"100\">\n            <div class=\"eael-accordion-list\">\n\t\t\t\t\t<div id=\"traslados-y-actividades\" class=\"elementor-tab-title eael-accordion-header\" tabindex=\"0\" data-tab=\"1\" aria-controls=\"elementor-tab-content-9311\"><span class=\"eael-accordion-tab-title\">Traslados e Passeios<\/span><svg aria-hidden=\"true\" class=\"fa-toggle e-font-icon-svg e-fas-angle-right\" viewbox=\"0 0 256 512\" xmlns=\"http:\/\/www.w3.org\/2000\/svg\"><path d=\"M224.3 273l-136 136c-9.4 9.4-24.6 9.4-33.9 0l-22.6-22.6c-9.4-9.4-9.4-24.6 0-33.9l96.4-96.4-96.4-96.4c-9.4-9.4-9.4-24.6 0-33.9L54.3 103c9.4-9.4 24.6-9.4 33.9 0l136 136c9.5 9.4 9.5 24.6.1 34z\"><\/path><\/svg><\/div><div id=\"elementor-tab-content-9311\" class=\"eael-accordion-content clearfix\" data-tab=\"1\" aria-labelledby=\"traslados-y-actividades\"><p><span style=\"font-weight: 400\">HostingYou te puede asesorar y recomendar, adem\u00e1s de ofrecer tarifas preferenciales y exclusivas, para que puedas realizar la reserva y el pago con la empresa LUCK, garantizando de ese modo el servicio con el prestador final, sin intermediarios<\/span><\/p><\/div>\n\t\t\t\t\t<\/div><div class=\"eael-accordion-list\">\n\t\t\t\t\t<div id=\"reservas\" class=\"elementor-tab-title eael-accordion-header\" tabindex=\"0\" data-tab=\"2\" aria-controls=\"elementor-tab-content-9312\"><span class=\"eael-accordion-tab-title\">Reservas<\/span><svg aria-hidden=\"true\" class=\"fa-toggle e-font-icon-svg e-fas-angle-right\" viewbox=\"0 0 256 512\" xmlns=\"http:\/\/www.w3.org\/2000\/svg\"><path d=\"M224.3 273l-136 136c-9.4 9.4-24.6 9.4-33.9 0l-22.6-22.6c-9.4-9.4-9.4-24.6 0-33.9l96.4-96.4-96.4-96.4c-9.4-9.4-9.4-24.6 0-33.9L54.3 103c9.4-9.4 24.6-9.4 33.9 0l136 136c9.5 9.4 9.5 24.6.1 34z\"><\/path><\/svg><\/div><div id=\"elementor-tab-content-9312\" class=\"eael-accordion-content clearfix\" data-tab=\"2\" aria-labelledby=\"reservas\"><p><span style=\"font-weight: 400\">HostingYou pone a tu disposici\u00f3n las diferentes propuestas y el descuento exclusivo para que puedas realizar la reserva y el pago con el hotel elegido directamente, ofreciendo transparencia absoluta.<\/span><\/p><\/div>\n\t\t\t\t\t<\/div><div class=\"eael-accordion-list\">\n\t\t\t\t\t<div id=\"qu-pasar-despus-de-reservar-el-hotel\" class=\"elementor-tab-title eael-accordion-header\" tabindex=\"0\" data-tab=\"3\" aria-controls=\"elementor-tab-content-9313\"><span class=\"eael-accordion-tab-title\">\u00bfQu\u00e9 pasar\u00e1 despu\u00e9s de reservar el hotel?<\/span><svg aria-hidden=\"true\" class=\"fa-toggle e-font-icon-svg e-fas-angle-right\" viewbox=\"0 0 256 512\" xmlns=\"http:\/\/www.w3.org\/2000\/svg\"><path d=\"M224.3 273l-136 136c-9.4 9.4-24.6 9.4-33.9 0l-22.6-22.6c-9.4-9.4-9.4-24.6 0-33.9l96.4-96.4-96.4-96.4c-9.4-9.4-9.4-24.6 0-33.9L54.3 103c9.4-9.4 24.6-9.4 33.9 0l136 136c9.5 9.4 9.5 24.6.1 34z\"><\/path><\/svg><\/div><div id=\"elementor-tab-content-9313\" class=\"eael-accordion-content clearfix\" data-tab=\"3\" aria-labelledby=\"qu-pasar-despus-de-reservar-el-hotel\">Una vez realizada la reserva, recibir\u00e1s la confirmaci\u00f3n en tu correo electr\u00f3nico.\n\nLuego una vez realizado el pago de la misma te llegara los vouchers y factura.<\/div>\n\t\t\t\t\t<\/div><div class=\"eael-accordion-list\">\n\t\t\t\t\t<div id=\"hostingyou-tambin-ofrece-areos\" class=\"elementor-tab-title eael-accordion-header\" tabindex=\"0\" data-tab=\"4\" aria-controls=\"elementor-tab-content-9314\"><span class=\"eael-accordion-tab-title\">HostingYou tambi\u00e9n ofrece a\u00e9reos?<\/span><svg aria-hidden=\"true\" class=\"fa-toggle e-font-icon-svg e-fas-angle-right\" viewbox=\"0 0 256 512\" xmlns=\"http:\/\/www.w3.org\/2000\/svg\"><path d=\"M224.3 273l-136 136c-9.4 9.4-24.6 9.4-33.9 0l-22.6-22.6c-9.4-9.4-9.4-24.6 0-33.9l96.4-96.4-96.4-96.4c-9.4-9.4-9.4-24.6 0-33.9L54.3 103c9.4-9.4 24.6-9.4 33.9 0l136 136c9.5 9.4 9.5 24.6.1 34z\"><\/path><\/svg><\/div><div id=\"elementor-tab-content-9314\" class=\"eael-accordion-content clearfix\" data-tab=\"4\" aria-labelledby=\"hostingyou-tambin-ofrece-areos\">No, HostingYou no ofrece a\u00e9reos, pero en funci\u00f3n del hotel elegido podemos ayudarte a derivar tu consulta a expertos especializados en conseguirte la mejor opci\u00f3n y tarifa<\/div>\n\t\t\t\t\t<\/div><\/div>\t\t\t\t<\/div>\n\t\t\t\t<\/div>\n\t\t\t\t<\/div>\n\t\t\t\t\t<\/div>\n\t\t\t\t<\/div>\n\t\t\t\t<\/div>","protected":false},"excerpt":{"rendered":"<p>Preguntas Frequentes Traslados y Actividades HostingYou te puede asesorar y recomendar, adem\u00e1s de ofrecer tarifas preferenciales y exclusivas, para que&hellip;<\/p>","protected":false},"author":2,"featured_media":0,"parent":0,"menu_order":0,"comment_status":"closed","ping_status":"closed","template":"elementor_header_footer","meta":{"_acf_changed":false,"site-sidebar-layout":"no-sidebar","site-content-layout":"","ast-site-content-layout":"full-width-container","site-content-style":"default","site-sidebar-style":"default","ast-global-header-display":"","ast-banner-title-visibility":"","ast-main-header-display":"","ast-hfb-above-header-display":"","ast-hfb-below-header-display":"","ast-hfb-mobile-header-display":"","site-post-title":"disabled","ast-breadcrumbs-content":"","ast-featured-img":"disabled","footer-sml-layout":"","ast-disable-related-posts":"","theme-transparent-header-meta":"","adv-header-id-meta":"","stick-header-meta":"","header-above-stick-meta":"","header-main-stick-meta":"","header-below-stick-meta":"","astra-migrate-meta-layouts":"default","ast-page-background-enabled":"default","ast-page-background-meta":{"desktop":{"background-color":"var(--ast-global-color-5)","background-image":"","background-repeat":"repeat","background-position":"center center","background-size":"auto","background-attachment":"scroll","background-type":"","background-media":"","overlay-type":"","overlay-color":"","overlay-opacity":"","overlay-gradient":""},"tablet":{"background-color":"","background-image":"","background-repeat":"repeat","background-position":"center center","background-size":"auto","background-attachment":"scroll","background-type":"","background-media":"","overlay-type":"","overlay-color":"","overlay-opacity":"","overlay-gradient":""},"mobile":{"background-color":"","background-image":"","background-repeat":"repeat","background-position":"center center","background-size":"auto","background-attachment":"scroll","background-type":"","background-media":"","overlay-type":"","overlay-color":"","overlay-opacity":"","overlay-gradient":""}},"ast-content-background-meta":{"desktop":{"background-color":"var(--ast-global-color-4)","background-image":"","background-repeat":"repeat","background-position":"center center","background-size":"auto","background-attachment":"scroll","background-type":"","background-media":"","overlay-type":"","overlay-color":"","overlay-opacity":"","overlay-gradient":""},"tablet":{"background-color":"var(--ast-global-color-4)","background-image":"","background-repeat":"repeat","background-position":"center center","background-size":"auto","background-attachment":"scroll","background-type":"","background-media":"","overlay-type":"","overlay-color":"","overlay-opacity":"","overlay-gradient":""},"mobile":{"background-color":"var(--ast-global-color-4)","background-image":"","background-repeat":"repeat","background-position":"center center","background-size":"auto","background-attachment":"scroll","background-type":"","background-media":"","overlay-type":"","overlay-color":"","overlay-opacity":"","overlay-gradient":""}},"footnotes":""},"class_list":["post-853","page","type-page","status-publish","hentry"],"acf":[],"aioseo_notices":[],"_links":{"self":[{"href":"https:\/\/hostingyou.com.ar\/br\/wp-json\/wp\/v2\/pages\/853","targetHints":{"allow":["GET"]}}],"collection":[{"href":"https:\/\/hostingyou.com.ar\/br\/wp-json\/wp\/v2\/pages"}],"about":[{"href":"https:\/\/hostingyou.com.ar\/br\/wp-json\/wp\/v2\/types\/page"}],"author":[{"embeddable":true,"href":"https:\/\/hostingyou.com.ar\/br\/wp-json\/wp\/v2\/users\/2"}],"replies":[{"embeddable":true,"href":"https:\/\/hostingyou.com.ar\/br\/wp-json\/wp\/v2\/comments?post=853"}],"version-history":[{"count":7,"href":"https:\/\/hostingyou.com.ar\/br\/wp-json\/wp\/v2\/pages\/853\/revisions"}],"predecessor-version":[{"id":866,"href":"https:\/\/hostingyou.com.ar\/br\/wp-json\/wp\/v2\/pages\/853\/revisions\/866"}],"wp:attachment":[{"href":"https:\/\/hostingyou.com.ar\/br\/wp-json\/wp\/v2\/media?parent=853"}],"curies":[{"name":"wp","href":"https:\/\/api.w.org\/{rel}","templated":true}]}}